{"id":51,"date":"2024-09-27T13:53:57","date_gmt":"2024-09-27T16:53:57","guid":{"rendered":"https:\/\/dumpingexperts.com\/?page_id=51"},"modified":"2025-12-22T17:33:38","modified_gmt":"2025-12-22T20:33:38","slug":"capacitacion","status":"publish","type":"page","link":"https:\/\/dumpingexperts.com\/en\/capacitacion\/","title":{"rendered":"Art\u00edculos"},"content":{"rendered":"<p><\/p>\n\n\n\n<p class=\"sangria-parrafo\" style=\"font-size:20px\">In this section, you will find doctrinal articles on the phenomenon of dumping and antidumping measures that affect international trade. Each article provides a detailed insight into regulations, practical cases, and the evolution of global trade laws.<\/p>\n\n\n\n<p class=\"sangria-parrafo\" style=\"font-size:20px\">Our goal is to provide educational and up-to-date content on dumping, to help businesses, professionals, and students better understand the impact of this practice on global trade.<\/p>\n\n\n\n<div class=\"girar-telefono\">\n    \ud83d\udd04 \ud83d\udcf1 Para una mejor visualizaci\u00f3n, gira tu tel\u00e9fono.\n<\/div>\n\n\n\n<p><\/p>\n\n\n\n<figure class=\"wp-block-table mi-tabla table-responsive\" style=\"font-size:18px\"><table class=\"has-fixed-layout\"><thead><tr><th class=\"has-text-align-center\" data-align=\"center\"><strong>Article Title<\/strong><\/th><th class=\"has-text-align-center\" data-align=\"center\"><strong>Author<\/strong><\/th><th class=\"has-text-align-center\" data-align=\"center\"><strong>Date<\/strong><\/th><th class=\"has-text-align-center\" data-align=\"center\"><strong>Scope <\/strong><\/th><th class=\"has-text-align-center\" data-align=\"center\"><strong>Summary <\/strong><\/th><\/tr><\/thead><tbody><tr><td class=\"has-text-align-center\" data-align=\"center\"><a href=\"https:\/\/dumpingexperts.com\/en\/defensa-comercial-argentina-2025\/\"> Defensa comercial en Argentina en un mundo que se cierra (y por qu\u00e9 importa para exportar)<\/a><\/td><td class=\"has-text-align-center\" data-align=\"center\">\ud83c\udf96\ufe0fMar\u00eda Jos\u00e9 Etulain<\/td><td class=\"has-text-align-center\" data-align=\"center\">Diciembre 2025<\/td><td class=\"has-text-align-center\" data-align=\"center\">Argentina<\/td><td class=\"has-text-align-center\" data-align=\"center\">Giro de la defensa comercial argentina y efectos sobre la competitividad exportadora<\/td><\/tr><tr><td class=\"has-text-align-center\" data-align=\"center\"><a href=\"https:\/\/dumpingexperts.com\/wp-content\/uploads\/2025\/11\/Comentarios-PERU-Oscar-Vasquez_.pdf\">La aplicaci\u00f3n de derechos antidumping y compensatorios en el Per\u00fa<\/a><\/td><td class=\"has-text-align-center\" data-align=\"center\">\ud83c\udff5\ufe0f\ud83c\udf96\ufe0fOscar V\u00e1squez Nieva. <\/td><td class=\"has-text-align-center\" data-align=\"center\">Noviembre 2025<\/td><td class=\"has-text-align-center\" data-align=\"center\">Per\u00fa<\/td><td class=\"has-text-align-center\" data-align=\"center\">An\u00e1lisis t\u00e9cnico-jur\u00eddico sobre la aplicaci\u00f3n de derechos antidumping y compensatorios en el Per\u00fa.<\/td><\/tr><tr><td class=\"has-text-align-center\" data-align=\"center\"><a href=\"https:\/\/www.linkedin.com\/pulse\/dumping-dummies-o-qu%C3%A9-es-el-cambi%C3%B3-del-2020-al-2025-dumping-experts-gbcbf\/?trackingId=s8JOvLDkRmdq70vb2%2BshUA%3D%3D\" data-type=\"link\" data-id=\"https:\/\/www.linkedin.com\/pulse\/dumping-dummies-o-qu%C3%A9-es-el-cambi%C3%B3-del-2020-al-2025-dumping-experts-gbcbf\/?trackingId=s8JOvLDkRmdq70vb2%2BshUA%3D%3D\" target=\"_blank\" rel=\"noopener\">Dumping for dummies o qu\u00e9 es el dumping?<\/a><\/td><td class=\"has-text-align-center\" data-align=\"center\">\ud83c\udf96\ufe0fMar\u00eda Jos\u00e9 Etulain<\/td><td class=\"has-text-align-center\" data-align=\"center\">January 2025<\/td><td class=\"has-text-align-center\" data-align=\"center\">Global<\/td><td class=\"has-text-align-center\" data-align=\"center\">Explanation of Dumping and Its Global Impact<\/td><\/tr><tr><td class=\"has-text-align-center\" data-align=\"center\"><a href=\"https:\/\/mercojuris.com\/nuevo-decreto-regulatorio-del-sistema-antidumping-en-argentina-dra-maria-jose-etulain-sorensen\/\" data-type=\"link\" data-id=\"https:\/\/mercojuris.com\/nuevo-decreto-regulatorio-del-sistema-antidumping-en-argentina-dra-maria-jose-etulain-sorensen\/\" target=\"_blank\" rel=\"noopener\">Nuevo Decreto Regulatorio del Sistema Antidumping en Argentina<\/a><\/td><td class=\"has-text-align-center\" data-align=\"center\">\ud83c\udf96\ufe0fMar\u00eda Jos\u00e9 Etulain<\/td><td class=\"has-text-align-center\" data-align=\"center\">January 2025<\/td><td class=\"has-text-align-center\" data-align=\"center\">Argentina<\/td><td class=\"has-text-align-center\" data-align=\"center\">Main Changes and Features of Decree 33\/2025.<\/td><\/tr><tr><td class=\"has-text-align-center\" data-align=\"center\"><a href=\"https:\/\/mercojuris.com\/propuesta-de-modernizacion-y-reforma-del-funcionamiento-de-los-sistemas-antidumping-latinoamericanos-dra-maria-jose-etulain\/\" target=\"_blank\" rel=\"noopener\">Propuesta de modernizaci\u00f3n y reforma del funcionamiento de los Sistemas Antidumping Latinoamericanos&nbsp;<\/a><\/td><td class=\"has-text-align-center\" data-align=\"center\">\ud83c\udf96\ufe0fMar\u00eda Jos\u00e9 Etulain<\/td><td class=\"has-text-align-center\" data-align=\"center\">August 2024<\/td><td class=\"has-text-align-center\" data-align=\"center\">LATAM<\/td><td class=\"has-text-align-center\" data-align=\"center\">Challenges of International Trade: WTO Crisis and the Need for Antidumping Measures in LATAM.<\/td><\/tr><tr><td class=\"has-text-align-center\" data-align=\"center\"><a href=\"https:\/\/www.linkedin.com\/pulse\/lana-de-fibra-vidrio-argentina-bloquea-mexico-mar%25C3%25ADa-jos%25C3%25A9-etulain\/?trackingId=R5v2%2FnVVRR%2BG1OcfZDKL3g%3D%3D\" data-type=\"link\" data-id=\"https:\/\/www.linkedin.com\/pulse\/lana-de-fibra-vidrio-argentina-bloquea-mexico-mar%25C3%25ADa-jos%25C3%25A9-etulain\/?trackingId=R5v2%2FnVVRR%2BG1OcfZDKL3g%3D%3D\" target=\"_blank\" rel=\"noopener\">Lana de fibra de vidrio: Argentina bloquea a M\u00e9xico<\/a><\/td><td class=\"has-text-align-center\" data-align=\"center\">\ud83c\udf96\ufe0fMar\u00eda Jos\u00e9 Etulain<\/td><td class=\"has-text-align-center\" data-align=\"center\">September 2023<\/td><td class=\"has-text-align-center\" data-align=\"center\">Argentina M\u00e9xico<\/td><td class=\"has-text-align-center\" data-align=\"center\">Situation of the Antidumping Measure Applied in Argentina on Glass Wool.<\/td><\/tr><tr><td class=\"has-text-align-center\" data-align=\"center\"><a href=\"https:\/\/mercojuris.com\/impacto-economico-proyectado-de-los-derechos-antidumping-en-funcion-de-la-forma-que-adopten-y-las-condiciones-de-mercado-dra-maria-jose-etulain\/\" data-type=\"link\" data-id=\"https:\/\/mercojuris.com\/impacto-economico-proyectado-de-los-derechos-antidumping-en-funcion-de-la-forma-que-adopten-y-las-condiciones-de-mercado-dra-maria-jose-etulain\/\" target=\"_blank\" rel=\"noopener\">Impacto econ\u00f3mico proyectado de los derechos antidumping, en funci\u00f3n de la forma que adopten y las condiciones de mercado<\/a><\/td><td class=\"has-text-align-center\" data-align=\"center\">\ud83c\udf96\ufe0fMar\u00eda Jos\u00e9 Etulain<\/td><td class=\"has-text-align-center\" data-align=\"center\">May 2022<\/td><td class=\"has-text-align-center\" data-align=\"center\">Argentina<\/td><td class=\"has-text-align-center\" data-align=\"center\">Incompatibility of Decree 1393\/2008 of Argentina with the Antidumping Agreement.<\/td><\/tr><tr><td class=\"has-text-align-center\" data-align=\"center\"><a href=\"https:\/\/dumpingexperts.com\/wp-content\/uploads\/2025\/04\/ARTICULO-DOCTRINA-Dumping-Art-Vasquez-Bernal.pdf\" data-type=\"link\" data-id=\"https:\/\/dumpingexperts.com\/wp-content\/uploads\/2025\/04\/ARTICULO-DOCTRINA-Dumping-Art-Vasquez-Bernal.pdf\">Comentarios y cr\u00edticas a la<br>regulaci\u00f3n antidumping vigente<\/a><\/td><td class=\"has-text-align-center\" data-align=\"center\">\ud83c\udff5\ufe0f\ud83c\udf96\ufe0fOscar V\u00e1squez Nieva. Y Gonzalo Bernal Neumann<\/td><td class=\"has-text-align-center\" data-align=\"center\">Mayo 2007<\/td><td class=\"has-text-align-center\" data-align=\"center\">Per\u00fa<\/td><td class=\"has-text-align-center\" data-align=\"center\">It analyzes the current anti-dumping regulations in Peru, highlighting their lack of clarity and transparency in the procedures<\/td><\/tr><tr><td class=\"has-text-align-center\" data-align=\"center\"><a href=\"https:\/\/revistas.juridicas.unam.mx\/index.php\/cuestiones-constitucionales\/article\/view\/14347\/15511\" data-type=\"link\" data-id=\"https:\/\/revistas.juridicas.unam.mx\/index.php\/cuestiones-constitucionales\/article\/view\/14347\/15511\" target=\"_blank\" rel=\"noopener\">Cr\u00edtica a la nueva tesis aislada sobre resoluciones finales en materia antidumping en el juicio de amparo<\/a><\/td><td class=\"has-text-align-center\" data-align=\"center\">\ud83c\udff5\ufe0f\ud83c\udf96\ufe0f Emilio Arteaga V\u00e1squez<\/td><td class=\"has-text-align-center\" data-align=\"center\">Febrero 2020<\/td><td class=\"has-text-align-center\" data-align=\"center\">M\u00e9xico <\/td><td class=\"has-text-align-center\" data-align=\"center\">The article criticizes an isolated 2020 ruling that restricts the use of amparo proceedings against final decisions in anti-dumping cases <\/td><\/tr><\/tbody><\/table><\/figure>\n\n\n\n<div class=\"wp-block-uagb-advanced-heading uagb-block-d3db15c6\"><\/div>\n\n\n\n<p><\/p>","protected":false},"excerpt":{"rendered":"<p>En esta secci\u00f3n encontrar\u00e1s art\u00edculos de doctrina sobre el fen\u00f3meno del dumping y las medidas antidumping que afectan el comercio [&hellip;]<\/p>\n","protected":false},"author":1,"featured_media":0,"parent":0,"menu_order":0,"comment_status":"closed","ping_status":"closed","template":"","meta":{"_uag_custom_page_level_css":"","site-sidebar-layout":"default","site-content-layout":"","ast-site-content-layout":"","site-content-style":"default","site-sidebar-style":"default","ast-global-header-display":"","ast-banner-title-visibility":"","ast-main-header-display":"","ast-hfb-above-header-display":"","ast-hfb-below-header-display":"","ast-hfb-mobile-header-display":"","site-post-title":"","ast-breadcrumbs-content":"","ast-featured-img":"","footer-sml-layout":"","theme-transparent-header-meta":"","adv-header-id-meta":"","stick-header-meta":"","header-above-stick-meta":"","header-main-stick-meta":"","header-below-stick-meta":"","astra-migrate-meta-layouts":"default","ast-page-background-enabled":"default","ast-page-background-meta":{"desktop":{"background-color":"var(--ast-global-color-4)","background-image":"","background-repeat":"repeat","background-position":"center center","background-size":"auto","background-attachment":"scroll","background-type":"","background-media":"","overlay-type":"","overlay-color":"","overlay-opacity":"","overlay-gradient":""},"tablet":{"background-color":"","background-image":"","background-repeat":"repeat","background-position":"center center","background-size":"auto","background-attachment":"scroll","background-type":"","background-media":"","overlay-type":"","overlay-color":"","overlay-opacity":"","overlay-gradient":""},"mobile":{"background-color":"","background-image":"","background-repeat":"repeat","background-position":"center center","background-size":"auto","background-attachment":"scroll","background-type":"","background-media":"","overlay-type":"","overlay-color":"","overlay-opacity":"","overlay-gradient":""}},"ast-content-background-meta":{"desktop":{"background-color":"var(--ast-global-color-5)","background-image":"","background-repeat":"repeat","background-position":"center center","background-size":"auto","background-attachment":"scroll","background-type":"","background-media":"","overlay-type":"","overlay-color":"","overlay-opacity":"","overlay-gradient":""},"tablet":{"background-color":"var(--ast-global-color-5)","background-image":"","background-repeat":"repeat","background-position":"center center","background-size":"auto","background-attachment":"scroll","background-type":"","background-media":"","overlay-type":"","overlay-color":"","overlay-opacity":"","overlay-gradient":""},"mobile":{"background-color":"var(--ast-global-color-5)","background-image":"","background-repeat":"repeat","background-position":"center center","background-size":"auto","background-attachment":"scroll","background-type":"","background-media":"","overlay-type":"","overlay-color":"","overlay-opacity":"","overlay-gradient":""}},"footnotes":""},"class_list":["post-51","page","type-page","status-publish","hentry"],"uagb_featured_image_src":{"full":false,"thumbnail":false,"medium":false,"medium_large":false,"large":false,"1536x1536":false,"2048x2048":false,"trp-custom-language-flag":false},"uagb_author_info":{"display_name":"dumpadmingral","author_link":"https:\/\/dumpingexperts.com\/en\/author\/dumpadmingral\/"},"uagb_comment_info":0,"uagb_excerpt":"En esta secci\u00f3n encontrar\u00e1s art\u00edculos de doctrina sobre el fen\u00f3meno del dumping y las medidas antidumping que afectan el comercio [&hellip;]","_links":{"self":[{"href":"https:\/\/dumpingexperts.com\/en\/wp-json\/wp\/v2\/pages\/51","targetHints":{"allow":["GET"]}}],"collection":[{"href":"https:\/\/dumpingexperts.com\/en\/wp-json\/wp\/v2\/pages"}],"about":[{"href":"https:\/\/dumpingexperts.com\/en\/wp-json\/wp\/v2\/types\/page"}],"author":[{"embeddable":true,"href":"https:\/\/dumpingexperts.com\/en\/wp-json\/wp\/v2\/users\/1"}],"replies":[{"embeddable":true,"href":"https:\/\/dumpingexperts.com\/en\/wp-json\/wp\/v2\/comments?post=51"}],"version-history":[{"count":1,"href":"https:\/\/dumpingexperts.com\/en\/wp-json\/wp\/v2\/pages\/51\/revisions"}],"predecessor-version":[{"id":1057,"href":"https:\/\/dumpingexperts.com\/en\/wp-json\/wp\/v2\/pages\/51\/revisions\/1057"}],"wp:attachment":[{"href":"https:\/\/dumpingexperts.com\/en\/wp-json\/wp\/v2\/media?parent=51"}],"curies":[{"name":"wp","href":"https:\/\/api.w.org\/{rel}","templated":true}]}}