{"id":49,"date":"2024-09-27T13:53:42","date_gmt":"2024-09-27T16:53:42","guid":{"rendered":"https:\/\/dumpingexperts.com\/?page_id=49"},"modified":"2025-03-31T14:49:42","modified_gmt":"2025-03-31T17:49:42","slug":"multilaterales","status":"publish","type":"page","link":"https:\/\/dumpingexperts.com\/en\/multilaterales\/","title":{"rendered":"Multilateral"},"content":{"rendered":"<p><\/p>\n\n\n\n<p class=\"sangria-parrafo\">In this section, you will find direct links to multilateral institutions and key documents related to antidumping. Easily access the most relevant resources to deepen your understanding of international regulations and agreements.<\/p>\n\n\n\n<div class=\"wp-block-uagb-container uagb-block-1ab1d713 alignfull uagb-is-root-container\"><div class=\"uagb-container-inner-blocks-wrap\">\n<div class=\"wp-block-uagb-advanced-heading uagb-block-614165a5\"><h2 class=\"uagb-heading-text\">World Trade Organization<\/h2><p class=\"uagb-desc-text\">\ud83c\udf10 <a href=\"http:\/\/www.wto.org\" target=\"_blank\" rel=\"noopener\">www.wto.org<\/a><\/p><\/div>\n<\/div><\/div>\n\n\n\n<div class=\"wp-block-uagb-advanced-heading uagb-block-2899205d\"><h2 class=\"uagb-heading-text\">General Agreement on Tariffs and Trade (GATT)<\/h2><p class=\"uagb-desc-text\">\ud83d\udcc4 <a href=\"https:\/\/www.wto.org\/spanish\/docs_s\/legal_s\/gatt47_01_s.htm\" data-type=\"link\" data-id=\"https:\/\/www.wto.org\/spanish\/docs_s\/legal_s\/gatt47_01_s.htm\" target=\"_blank\" rel=\"noopener\">General Agreement on Tariffs and Trade (GATT)<\/a><\/p><\/div>\n\n\n\n<div class=\"wp-block-uagb-container uagb-block-ba4d5fd4 alignfull uagb-is-root-container\"><div class=\"uagb-container-inner-blocks-wrap\">\n<div class=\"wp-block-uagb-advanced-heading uagb-block-3912a7ac\"><h2 class=\"uagb-heading-text\">Antidumping Agreement (Application of Article VI of the GATT 1994)<\/h2><p class=\"uagb-desc-text\">\ud83d\udcd1 <a href=\"https:\/\/www.wto.org\/spanish\/docs_s\/legal_s\/19-adp_01_s.htm\" data-type=\"link\" data-id=\"https:\/\/www.wto.org\/spanish\/docs_s\/legal_s\/19-adp_01_s.htm\" target=\"_blank\" rel=\"noopener\">Acuerdo Antidumping<\/a><\/p><\/div>\n<\/div><\/div>\n\n\n\n<div class=\"wp-block-uagb-container uagb-block-05b9ffe2 alignfull uagb-is-root-container\"><div class=\"uagb-container-inner-blocks-wrap\">\n<div class=\"wp-block-uagb-advanced-heading uagb-block-92bc1d4b\"><h2 class=\"uagb-heading-text\">Agreement on Subsidies and Countervailing Measures<\/h2><p class=\"uagb-desc-text\">\ud83d\udcca <a href=\"https:\/\/www.wto.org\/spanish\/docs_s\/legal_s\/24-scm_01_s.htm\" data-type=\"link\" data-id=\"https:\/\/www.wto.org\/spanish\/docs_s\/legal_s\/24-scm_01_s.htm\" target=\"_blank\" rel=\"noopener\">Acuerdo sobre Subvenciones y Medidas Compensatorias<\/a><\/p><\/div>\n<\/div><\/div>\n\n\n\n<p><\/p>\n\n\n\n<div class=\"wp-block-uagb-container uagb-block-78890343 alignfull uagb-is-root-container\"><div class=\"uagb-container-inner-blocks-wrap\">\n<div class=\"wp-block-uagb-container uagb-block-4df9d445\">\n<div class=\"wp-block-uagb-advanced-heading uagb-block-54819fda\"><h2 class=\"uagb-heading-text\"><strong>Decisions and Declaration on the Antidumping Agreement (Article VI of the GATT) and the Agreement on Subsidies and Countervailing Measures.<\/strong><\/h2><\/div>\n<\/div>\n\n\n\n<ul class=\"wp-block-list\">\n<li>\ud83d\udee1\ufe0f <a href=\"https:\/\/www.wto.org\/spanish\/docs_s\/legal_s\/39-dadp1_s.htm\" data-type=\"link\" data-id=\"https:\/\/www.wto.org\/spanish\/docs_s\/legal_s\/39-dadp1_s.htm\" target=\"_blank\" rel=\"noopener\">Decisi\u00f3n sobre las medidas contra la elusi\u00f3n<\/a><\/li>\n<\/ul>\n\n\n\n<ul class=\"wp-block-list\">\n<li>\ud83d\udcdd<a href=\"https:\/\/www.wto.org\/spanish\/docs_s\/legal_s\/40-dadp2_s.htm\" data-type=\"link\" data-id=\"https:\/\/www.wto.org\/spanish\/docs_s\/legal_s\/40-dadp2_s.htm\" target=\"_blank\" rel=\"noopener\"> Decisi\u00f3n sobre el examen del p\u00e1rrafo 6 del art\u00edculo 17 del Acuerdo Antidumping<\/a><\/li>\n<\/ul>\n\n\n\n<ul class=\"wp-block-list\">\n<li>\u2696\ufe0f <a href=\"https:\/\/www.wto.org\/spanish\/docs_s\/legal_s\/41-dadp3_s.htm\" data-type=\"link\" data-id=\"https:\/\/www.wto.org\/spanish\/docs_s\/legal_s\/41-dadp3_s.htm\" target=\"_blank\" rel=\"noopener\">Declaraci\u00f3n relativa a la soluci\u00f3n de diferencias de conformidad con el Acuerdo Antidumping y el Acuerdo sobre Subvenciones y Medidas Compensatorias<\/a><\/li>\n<\/ul>\n<\/div><\/div>\n\n\n\n<p><\/p>\n\n\n\n<p class=\"sangria-parrafo\">These resources are essential for understanding the scope and application of antidumping measures at the international level.<\/p>\n\n\n\n<p><\/p>","protected":false},"excerpt":{"rendered":"<p>En esta secci\u00f3n encontrar\u00e1s enlaces directos a las instituciones multilaterales y documentos clave relacionados con el \u00e1mbito del antidumping. Accede [&hellip;]<\/p>\n","protected":false},"author":1,"featured_media":0,"parent":0,"menu_order":0,"comment_status":"closed","ping_status":"closed","template":"","meta":{"_uag_custom_page_level_css":"","site-sidebar-layout":"default","site-content-layout":"","ast-site-content-layout":"","site-content-style":"default","site-sidebar-style":"default","ast-global-header-display":"","ast-banner-title-visibility":"","ast-main-header-display":"","ast-hfb-above-header-display":"","ast-hfb-below-header-display":"","ast-hfb-mobile-header-display":"","site-post-title":"","ast-breadcrumbs-content":"","ast-featured-img":"","footer-sml-layout":"","theme-transparent-header-meta":"","adv-header-id-meta":"","stick-header-meta":"","header-above-stick-meta":"","header-main-stick-meta":"","header-below-stick-meta":"","astra-migrate-meta-layouts":"default","ast-page-background-enabled":"default","ast-page-background-meta":{"desktop":{"background-color":"var(--ast-global-color-4)","background-image":"","background-repeat":"repeat","background-position":"center center","background-size":"auto","background-attachment":"scroll","background-type":"","background-media":"","overlay-type":"","overlay-color":"","overlay-opacity":"","overlay-gradient":""},"tablet":{"background-color":"","background-image":"","background-repeat":"repeat","background-position":"center center","background-size":"auto","background-attachment":"scroll","background-type":"","background-media":"","overlay-type":"","overlay-color":"","overlay-opacity":"","overlay-gradient":""},"mobile":{"background-color":"","background-image":"","background-repeat":"repeat","background-position":"center center","background-size":"auto","background-attachment":"scroll","background-type":"","background-media":"","overlay-type":"","overlay-color":"","overlay-opacity":"","overlay-gradient":""}},"ast-content-background-meta":{"desktop":{"background-color":"var(--ast-global-color-5)","background-image":"","background-repeat":"repeat","background-position":"center center","background-size":"auto","background-attachment":"scroll","background-type":"","background-media":"","overlay-type":"","overlay-color":"","overlay-opacity":"","overlay-gradient":""},"tablet":{"background-color":"var(--ast-global-color-5)","background-image":"","background-repeat":"repeat","background-position":"center center","background-size":"auto","background-attachment":"scroll","background-type":"","background-media":"","overlay-type":"","overlay-color":"","overlay-opacity":"","overlay-gradient":""},"mobile":{"background-color":"var(--ast-global-color-5)","background-image":"","background-repeat":"repeat","background-position":"center center","background-size":"auto","background-attachment":"scroll","background-type":"","background-media":"","overlay-type":"","overlay-color":"","overlay-opacity":"","overlay-gradient":""}},"footnotes":""},"class_list":["post-49","page","type-page","status-publish","hentry"],"uagb_featured_image_src":{"full":false,"thumbnail":false,"medium":false,"medium_large":false,"large":false,"1536x1536":false,"2048x2048":false,"trp-custom-language-flag":false},"uagb_author_info":{"display_name":"dumpadmingral","author_link":"https:\/\/dumpingexperts.com\/en\/author\/dumpadmingral\/"},"uagb_comment_info":0,"uagb_excerpt":"En esta secci\u00f3n encontrar\u00e1s enlaces directos a las instituciones multilaterales y documentos clave relacionados con el \u00e1mbito del antidumping. Accede [&hellip;]","_links":{"self":[{"href":"https:\/\/dumpingexperts.com\/en\/wp-json\/wp\/v2\/pages\/49","targetHints":{"allow":["GET"]}}],"collection":[{"href":"https:\/\/dumpingexperts.com\/en\/wp-json\/wp\/v2\/pages"}],"about":[{"href":"https:\/\/dumpingexperts.com\/en\/wp-json\/wp\/v2\/types\/page"}],"author":[{"embeddable":true,"href":"https:\/\/dumpingexperts.com\/en\/wp-json\/wp\/v2\/users\/1"}],"replies":[{"embeddable":true,"href":"https:\/\/dumpingexperts.com\/en\/wp-json\/wp\/v2\/comments?post=49"}],"version-history":[{"count":1,"href":"https:\/\/dumpingexperts.com\/en\/wp-json\/wp\/v2\/pages\/49\/revisions"}],"predecessor-version":[{"id":623,"href":"https:\/\/dumpingexperts.com\/en\/wp-json\/wp\/v2\/pages\/49\/revisions\/623"}],"wp:attachment":[{"href":"https:\/\/dumpingexperts.com\/en\/wp-json\/wp\/v2\/media?parent=49"}],"curies":[{"name":"wp","href":"https:\/\/api.w.org\/{rel}","templated":true}]}}