{"id":47,"date":"2024-09-27T13:53:14","date_gmt":"2024-09-27T16:53:14","guid":{"rendered":"https:\/\/dumpingexperts.com\/?page_id=47"},"modified":"2025-08-26T10:14:21","modified_gmt":"2025-08-26T13:14:21","slug":"nacionales","status":"publish","type":"page","link":"https:\/\/dumpingexperts.com\/en\/nacionales\/","title":{"rendered":"National"},"content":{"rendered":"<p><\/p>\n\n\n\n<p class=\"has-text-align-left sangria-parrafo has-medium-font-size\">Encuentre en la grilla que sigue, ordenados por pa\u00eds, el marco legal interno (MLI), autoridad de aplicaci\u00f3n (AP), doctrina nacional (DN), y profesional que colabor\u00f3 (PC) en la identificaci\u00f3n de estos recursos.<\/p>\n\n\n\n<div class=\"girar-telefono\">\n    \ud83d\udd04 \ud83d\udcf1 Para una mejor visualizaci\u00f3n, gira tu tel\u00e9fono.\n<\/div>\n\n\n\n<div class=\"wp-block-uagb-container uagb-block-de359dab alignfull uagb-is-root-container\"><div class=\"uagb-container-inner-blocks-wrap\">\n<figure class=\"wp-block-table alignfull mi-tabla table-responsive\"><table class=\"has-ast-global-color-5-background-color has-background\"><thead><tr><th class=\"has-text-align-center\" data-align=\"center\">Country <\/th><th class=\"has-text-align-center\" data-align=\"center\">Internal Legal Framework (ILF)<\/th><th class=\"has-text-align-center\" data-align=\"center\">Enforcement Authority (EA)<\/th><th class=\"has-text-align-center\" data-align=\"center\">Collaborating Professional (CP)<\/th><\/tr><\/thead><tbody><tr><td class=\"has-text-align-center\" data-align=\"center\">Argentina<\/td><td class=\"has-text-align-center\" data-align=\"center\"><a href=\"https:\/\/servicios.infoleg.gob.ar\/infolegInternet\/anexos\/140000-144999\/144039\/norma.htm\" data-type=\"link\" data-id=\"https:\/\/servicios.infoleg.gob.ar\/infolegInternet\/anexos\/140000-144999\/144039\/norma.htm\" target=\"_blank\" rel=\"noopener\">Decreto 1393\/2008<\/a><br><a href=\"https:\/\/www.boletinoficial.gob.ar\/detalleAviso\/primera\/319703\/20250116\" data-type=\"link\" data-id=\"https:\/\/www.boletinoficial.gob.ar\/detalleAviso\/primera\/319703\/20250116\" target=\"_blank\" rel=\"noopener\">Decreto 33\/2025<\/a><br><a href=\"https:\/\/servicios.infoleg.gob.ar\/infolegInternet\/anexos\/410000-414999\/412159\/norma.htm\" data-type=\"link\" data-id=\"https:\/\/servicios.infoleg.gob.ar\/infolegInternet\/anexos\/410000-414999\/412159\/norma.htm\" target=\"_blank\" rel=\"noopener\">Resoluci\u00f3n 111\/2025<\/a><\/td><td class=\"has-text-align-center\" data-align=\"center\"><a href=\"https:\/\/www.argentina.gob.ar\/cnce\" data-type=\"link\" data-id=\"https:\/\/www.argentina.gob.ar\/cnce\" target=\"_blank\" rel=\"noopener\">CNCE<\/a><\/td><td class=\"has-text-align-center\" data-align=\"center\"><strong>Andrea Zavatto: <\/strong>acz@mjetulain.com.ar<\/td><\/tr><tr><td class=\"has-text-align-center\" data-align=\"center\">Per\u00fa<\/td><td class=\"has-text-align-center\" data-align=\"center\"><a href=\"https:\/\/dumpingexperts.com\/wp-content\/uploads\/2025\/04\/Decreto-Supremo-133-91-Paises-No-OMC.pdf\" data-type=\"link\" data-id=\"https:\/\/dumpingexperts.com\/wp-content\/uploads\/2025\/04\/Decreto-Supremo-133-91-Paises-No-OMC.pdf\">Decreto Supremo 133-91 (Paises No OMC)<\/a><br><a href=\"https:\/\/dumpingexperts.com\/wp-content\/uploads\/2025\/04\/Decreto-Supremo-6-2003-Paises-OMC.pdf\" data-type=\"link\" data-id=\"https:\/\/dumpingexperts.com\/wp-content\/uploads\/2025\/04\/Decreto-Supremo-6-2003-Paises-OMC.pdf\">Decreto Supremo 6-2003 (Paises OMC)<\/a><\/td><td class=\"has-text-align-center\" data-align=\"center\"><a href=\"https:\/\/www.gob.pe\/institucion\/indecopi\/tema\/defensa-comercial\" data-type=\"link\" data-id=\"https:\/\/www.gob.pe\/institucion\/indecopi\/tema\/defensa-comercial\" target=\"_blank\" rel=\"noopener\">INDECOPI<\/a><\/td><td class=\"has-text-align-center\" data-align=\"center\"><strong>Oscar V\u00e1squez<\/strong>:<br>asesoria@oscarvasquezn.com<\/td><\/tr><tr><td class=\"has-text-align-center\" data-align=\"center\">Ecuador <\/td><td class=\"has-text-align-center\" data-align=\"center\"><a href=\"https:\/\/www.aduana.gob.ec\/la-institucion\/codigo-organico-copci\/\" data-type=\"link\" data-id=\"https:\/\/www.aduana.gob.ec\/la-institucion\/codigo-organico-copci\/\" target=\"_blank\" rel=\"noopener\">C\u00f3digo org\u00e1nico COPCI <\/a><br><a href=\"http:\/\/defensacomercial.produccion.gob.ec\/wp-content\/uploads\/2021\/01\/2.-Reglamento-COPCI_IV.pdf\" data-type=\"link\" data-id=\"http:\/\/defensacomercial.produccion.gob.ec\/wp-content\/uploads\/2021\/01\/2.-Reglamento-COPCI_IV.pdf\" target=\"_blank\" rel=\"noopener\">Reglamento COPCI<\/a><br><a href=\"http:\/\/defensacomercial.produccion.gob.ec\/wp-content\/uploads\/2021\/02\/Resolucion-010-2018.pdf\" target=\"_blank\" rel=\"noopener\">Resoluci\u00f3n COMEX No. 10-2018<\/a><\/td><td class=\"has-text-align-center\" data-align=\"center\"><a href=\"http:\/\/defensacomercial.produccion.gob.ec\" data-type=\"link\" data-id=\"http:\/\/defensacomercial.produccion.gob.ec\" target=\"_blank\" rel=\"noopener\">Direcci\u00f3n de  Defensa Comercial <\/a><\/td><td class=\"has-text-align-center\" data-align=\"center\"><strong>V\u00edctor A. Murillo<\/strong>: vmurillo@ecija.com&nbsp;<\/td><\/tr><tr><td class=\"has-text-align-center\" data-align=\"center\">M\u00e9xico<\/td><td class=\"has-text-align-center\" data-align=\"center\"><a href=\"https:\/\/www.wto.org\/spanish\/docs_s\/legal_s\/19-adp.pdf\" target=\"_blank\" rel=\"noopener\">Acuerdo Antidumping<\/a><br><a href=\"https:\/\/www.dof.gob.mx\/nota_to_imagen_fs.php?cod_diario=205912&amp;pagina=2&amp;seccion=2\" data-type=\"link\" data-id=\"https:\/\/www.dof.gob.mx\/nota_to_imagen_fs.php?cod_diario=205912&amp;pagina=2&amp;seccion=2\" target=\"_blank\" rel=\"noopener\">Adhesi\u00f3n de M\u00e9xico a la OMC<\/a><br><a href=\"https:\/\/www.diputados.gob.mx\/LeyesBiblio\/pdf\/28.pdf\" target=\"_blank\" rel=\"noopener\">Ley de Comercio Exterior<\/a><br><a href=\"https:\/\/www.diputados.gob.mx\/LeyesBiblio\/regley\/Reg_LCE.pdf\" target=\"_blank\" rel=\"noopener\">Reglamento de la Ley de Comercio Exterior<\/a><\/td><td class=\"has-text-align-center\" data-align=\"center\"><a href=\"https:\/\/www.gob.mx\/se\/acciones-y-programas\/industria-y-comercio-unidad-de-practicas-comerciales-internacionales-upci\" target=\"_blank\" rel=\"noopener\">Unidad de Pr\u00e1cticas Comerciales Internacionales<\/a><\/td><td class=\"has-text-align-center\" data-align=\"center\"><strong>Emilio Arteaga V\u00e1zquez<\/strong>:<br><a href=\"mailto:emilio@vtz.com.mx\">emilio@vtz.com.mx<\/a><\/td><\/tr><\/tbody><\/table><\/figure>\n<\/div><\/div>\n\n\n\n<p><\/p>","protected":false},"excerpt":{"rendered":"<p>Encuentre en la grilla que sigue, ordenados por pa\u00eds, el marco legal interno (MLI), autoridad de aplicaci\u00f3n (AP), doctrina nacional [&hellip;]<\/p>\n","protected":false},"author":1,"featured_media":0,"parent":0,"menu_order":0,"comment_status":"closed","ping_status":"closed","template":"","meta":{"_uag_custom_page_level_css":"","site-sidebar-layout":"default","site-content-layout":"","ast-site-content-layout":"","site-content-style":"default","site-sidebar-style":"default","ast-global-header-display":"","ast-banner-title-visibility":"","ast-main-header-display":"","ast-hfb-above-header-display":"","ast-hfb-below-header-display":"","ast-hfb-mobile-header-display":"","site-post-title":"","ast-breadcrumbs-content":"","ast-featured-img":"","footer-sml-layout":"","theme-transparent-header-meta":"","adv-header-id-meta":"","stick-header-meta":"","header-above-stick-meta":"","header-main-stick-meta":"","header-below-stick-meta":"","astra-migrate-meta-layouts":"default","ast-page-background-enabled":"default","ast-page-background-meta":{"desktop":{"background-color":"var(--ast-global-color-4)","background-image":"","background-repeat":"repeat","background-position":"center center","background-size":"auto","background-attachment":"scroll","background-type":"","background-media":"","overlay-type":"","overlay-color":"","overlay-opacity":"","overlay-gradient":""},"tablet":{"background-color":"","background-image":"","background-repeat":"repeat","background-position":"center center","background-size":"auto","background-attachment":"scroll","background-type":"","background-media":"","overlay-type":"","overlay-color":"","overlay-opacity":"","overlay-gradient":""},"mobile":{"background-color":"","background-image":"","background-repeat":"repeat","background-position":"center center","background-size":"auto","background-attachment":"scroll","background-type":"","background-media":"","overlay-type":"","overlay-color":"","overlay-opacity":"","overlay-gradient":""}},"ast-content-background-meta":{"desktop":{"background-color":"var(--ast-global-color-5)","background-image":"","background-repeat":"repeat","background-position":"center center","background-size":"auto","background-attachment":"scroll","background-type":"","background-media":"","overlay-type":"","overlay-color":"","overlay-opacity":"","overlay-gradient":""},"tablet":{"background-color":"var(--ast-global-color-5)","background-image":"","background-repeat":"repeat","background-position":"center center","background-size":"auto","background-attachment":"scroll","background-type":"","background-media":"","overlay-type":"","overlay-color":"","overlay-opacity":"","overlay-gradient":""},"mobile":{"background-color":"var(--ast-global-color-5)","background-image":"","background-repeat":"repeat","background-position":"center center","background-size":"auto","background-attachment":"scroll","background-type":"","background-media":"","overlay-type":"","overlay-color":"","overlay-opacity":"","overlay-gradient":""}},"footnotes":""},"class_list":["post-47","page","type-page","status-publish","hentry"],"uagb_featured_image_src":{"full":false,"thumbnail":false,"medium":false,"medium_large":false,"large":false,"1536x1536":false,"2048x2048":false,"trp-custom-language-flag":false},"uagb_author_info":{"display_name":"dumpadmingral","author_link":"https:\/\/dumpingexperts.com\/en\/author\/dumpadmingral\/"},"uagb_comment_info":0,"uagb_excerpt":"Encuentre en la grilla que sigue, ordenados por pa\u00eds, el marco legal interno (MLI), autoridad de aplicaci\u00f3n (AP), doctrina nacional [&hellip;]","_links":{"self":[{"href":"https:\/\/dumpingexperts.com\/en\/wp-json\/wp\/v2\/pages\/47","targetHints":{"allow":["GET"]}}],"collection":[{"href":"https:\/\/dumpingexperts.com\/en\/wp-json\/wp\/v2\/pages"}],"about":[{"href":"https:\/\/dumpingexperts.com\/en\/wp-json\/wp\/v2\/types\/page"}],"author":[{"embeddable":true,"href":"https:\/\/dumpingexperts.com\/en\/wp-json\/wp\/v2\/users\/1"}],"replies":[{"embeddable":true,"href":"https:\/\/dumpingexperts.com\/en\/wp-json\/wp\/v2\/comments?post=47"}],"version-history":[{"count":1,"href":"https:\/\/dumpingexperts.com\/en\/wp-json\/wp\/v2\/pages\/47\/revisions"}],"predecessor-version":[{"id":1000,"href":"https:\/\/dumpingexperts.com\/en\/wp-json\/wp\/v2\/pages\/47\/revisions\/1000"}],"wp:attachment":[{"href":"https:\/\/dumpingexperts.com\/en\/wp-json\/wp\/v2\/media?parent=47"}],"curies":[{"name":"wp","href":"https:\/\/api.w.org\/{rel}","templated":true}]}}