{"id":266,"date":"2024-11-12T15:08:07","date_gmt":"2024-11-12T18:08:07","guid":{"rendered":"https:\/\/dumpingexperts.com\/?page_id=266"},"modified":"2025-09-05T12:06:56","modified_gmt":"2025-09-05T15:06:56","slug":"listado-dumping-experts","status":"publish","type":"page","link":"https:\/\/dumpingexperts.com\/en\/listado-dumping-experts\/","title":{"rendered":"Directory of Experts and Professionals"},"content":{"rendered":"<p><\/p>\n\n\n\n<p class=\"sangria-parrafo\"><strong>Find a Dumping-expert advisor in your country.<\/strong><\/p>\n\n\n\n<p class=\"sangria-parrafo\">Positioning products in foreign markets has been an aspiration for all companies throughout history. Some resort to dumping strategies, exporting their products at unusually attractive, low prices, often at a loss.<br>Although not considered crimes, these practices are discouraged by governments through the imposition of antidumping duties. Within the framework of the World Trade Organization (WTO), countries have agreed on how to proceed in such situations. However, each country applies this multilateral agreement in its own way.<\/p>\n\n\n\n<p class=\"sangria-parrafo\">There is a prior investigation of the affected national productive sector, a formal investigation request, a government procedure in which both importers and exporters participate, and a duty at the end of the process that drastically changes the cost equation for the importer (and the exporter\u2019s ability to sell in the targeted foreign market).<\/p>\n\n\n\n<p>If you are participating in an antidumping investigation, here you will find an advisor who can assist you.<\/p>\n\n\n\n<figure class=\"wp-block-table mi-tabla table-responsive\"><table class=\"has-fixed-layout\"><thead><tr><th class=\"has-text-align-center\" data-align=\"center\"><strong>Country<\/strong><\/th><th class=\"has-text-align-center\" data-align=\"center\"><strong>Professional<\/strong><\/th><th class=\"has-text-align-center\" data-align=\"center\"><strong>Website<\/strong>\/CV<\/th><th class=\"has-text-align-center\" data-align=\"center\"><strong>Email <\/strong>Contact<\/th><\/tr><\/thead><tbody><tr><td class=\"has-text-align-center\" data-align=\"center\">Argentina <\/td><td class=\"has-text-align-center\" data-align=\"center\">\ud83c\udf96\ufe0fMar\u00eda Jos\u00e9 Etulain S\u00f3rensen<\/td><td class=\"has-text-align-center\" data-align=\"center\">&nbsp;<a href=\"https:\/\/mje-global.com\/\" data-type=\"link\" data-id=\"https:\/\/mje-global.com\/\" target=\"_blank\" rel=\"noopener\">www.mje-global.com<\/a><\/td><td class=\"has-text-align-center\" data-align=\"center\">mje@mje-global.com   <\/td><\/tr><tr><td class=\"has-text-align-center\" data-align=\"center\">Argentina <\/td><td class=\"has-text-align-center\" data-align=\"center\">\ud83c\udff5\ufe0fAndrea Zavatto<\/td><td class=\"has-text-align-center\" data-align=\"center\"><a href=\"https:\/\/mjetulain.com.ar\/\" data-type=\"link\" data-id=\"https:\/\/mjetulain.com.ar\/\" target=\"_blank\" rel=\"noopener\">www.mjetulain.com.ar<\/a><\/td><td class=\"has-text-align-center\" data-align=\"center\">acz@mjetulain.com.ar<\/td><\/tr><tr><td class=\"has-text-align-center\" data-align=\"center\">Per\u00fa<\/td><td class=\"has-text-align-center\" data-align=\"center\">\ud83c\udff5\ufe0f\ud83c\udf96\ufe0fOscar V\u00e1squez Nieva<\/td><td class=\"has-text-align-center\" data-align=\"center\"><a href=\"https:\/\/oscarvasquezn.com\/\" data-type=\"link\" data-id=\"https:\/\/oscarvasquezn.com\/\" target=\"_blank\" rel=\"noopener\">www.oscarvasquezn.com<\/a><\/td><td class=\"has-text-align-center\" data-align=\"center\">asesoria@oscarvasquezn.com<\/td><\/tr><tr><td class=\"has-text-align-center\" data-align=\"center\">Ecuador <\/td><td class=\"has-text-align-center\" data-align=\"center\">\ud83d\udcd6&nbsp;V\u00edctor A. Murillo<\/td><td class=\"has-text-align-center\" data-align=\"center\"><a href=\"https:\/\/dumpingexperts.com\/wp-content\/uploads\/2025\/04\/CV-Victor-Murillo.pdf\" data-type=\"link\" data-id=\"https:\/\/dumpingexperts.com\/wp-content\/uploads\/2025\/04\/CV-Victor-Murillo.pdf\">CV Profesional \u2013 V\u00edctor Murillo<\/a><\/td><td class=\"has-text-align-center\" data-align=\"center\">vmurillo@ecija.com<\/td><\/tr><tr><td class=\"has-text-align-center\" data-align=\"center\">M\u00e9xico<\/td><td class=\"has-text-align-center\" data-align=\"center\">\ud83c\udff5\ufe0f\ud83c\udf96\ufe0fEmilio Arteaga<\/td><td class=\"has-text-align-center\" data-align=\"center\"><a href=\"https:\/\/vtz.mx\/\" target=\"_blank\" rel=\"noopener\">https:\/\/vtz.mx\/<\/a><\/td><td class=\"has-text-align-center\" data-align=\"center\">emilio@vtz.com.mx<\/td><\/tr><\/tbody><\/table><\/figure>\n\n\n\n<p><strong>Directorio de Expertos<\/strong><\/p>\n\n\n\n<p class=\"sangria-parrafo\">The Dumping Experts community is made up of professionals from various fields: public agencies, academic institutions, and private practice<\/p>\n\n\n\n<p class=\"sangria-parrafo\">This diversity enriches our approach and enables a comprehensive view of the application of anti-dumping rules and the evolution of international trade<\/p>\n\n\n\n<p class=\"sangria-parrafo\">En este directorio se presentan los miembros que han decidido compartir su trayectoria y \u00e1reas de especializaci\u00f3n, contribuyendo al desarrollo t\u00e9cnico y normativo en la materia.<\/p>\n\n\n\n<p class=\"mi-tabla table-responsive\"><\/p>\n\n\n\n<figure class=\"wp-block-table mi-tabla table-responsive\"><table class=\"has-fixed-layout\"><thead><tr><th class=\"has-text-align-center\" data-align=\"center\"><strong>Country<\/strong><\/th><th class=\"has-text-align-center\" data-align=\"center\"><strong>Professional<\/strong><\/th><th class=\"has-text-align-center\" data-align=\"center\"><strong>Website<\/strong>\/CV<\/th><th class=\"has-text-align-center\" data-align=\"center\"><strong>Email <\/strong>Contact<\/th><\/tr><\/thead><tbody><tr><td class=\"has-text-align-center\" data-align=\"center\">Per\u00fa<\/td><td class=\"has-text-align-center\" data-align=\"center\">&nbsp;Humberto Z\u00fa\u00f1iga Schroder<\/td><td class=\"has-text-align-center\" data-align=\"center\"><a href=\"https:\/\/dumpingexperts.com\/wp-content\/uploads\/2025\/06\/CV-Zuniga-Schroder-2025-Dumping.pdf\" data-type=\"link\" data-id=\"https:\/\/dumpingexperts.com\/wp-content\/uploads\/2025\/06\/CV-Zuniga-Schroder-2025-Dumping.pdf\">CV Profesional \u2013 Humberto Z\u00fa\u00f1iga<\/a><\/td><td class=\"has-text-align-center\" data-align=\"center\">ha.zunigas@up.edu.pe<\/td><\/tr><\/tbody><\/table><\/figure>\n\n\n\n<p class=\"mi-tabla table-responsive\"><\/p>\n\n\n\n<div class=\"girar-telefono\">\n    \ud83d\udd04 \ud83d\udcf1 Para una mejor visualizaci\u00f3n, gira tu tel\u00e9fono.\n<\/div>\n\n\n\n<p>\ud83d\udcd6&nbsp;<strong>Specializing Professionals<\/strong><\/p>\n\n\n\n<p class=\"sangria-parrafo\"><\/p>\n\n\n\n<figure class=\"wp-block-table mi-tabla table-responsive\"><table class=\"has-fixed-layout\"><thead><tr><th class=\"has-text-align-center\" data-align=\"center\"><strong>Country<\/strong><\/th><th class=\"has-text-align-center\" data-align=\"center\"><strong>Professional<\/strong><\/th><th class=\"has-text-align-center\" data-align=\"center\"><strong>Email <\/strong>Contact<\/th><\/tr><\/thead><tbody><tr><td class=\"has-text-align-center\" data-align=\"center\">Argentina<\/td><td class=\"has-text-align-center\" data-align=\"center\">Gabriela Soledad Albornoz<\/td><td class=\"has-text-align-center\" data-align=\"center\">albornozgabriela1472@gmail.com<\/td><\/tr><tr><td class=\"has-text-align-center\" data-align=\"center\">Chile<\/td><td class=\"has-text-align-center\" data-align=\"center\">Rodrigo Ruiz Cosignani<\/td><td class=\"has-text-align-center\" data-align=\"center\">r.ruizcosignani@gmail.com<\/td><\/tr><tr><td class=\"has-text-align-center\" data-align=\"center\">Colombia<\/td><td class=\"has-text-align-center\" data-align=\"center\">Melissa Vizcaino Solana<\/td><td class=\"has-text-align-center\" data-align=\"center\">mvizcaino@araujoibarra.com<\/td><\/tr><tr><td class=\"has-text-align-center\" data-align=\"center\">Colombia<\/td><td class=\"has-text-align-center\" data-align=\"center\">Manuela Parra Rojas<\/td><td class=\"has-text-align-center\" data-align=\"center\">mparra@araujoibarra.com<\/td><\/tr><tr><td class=\"has-text-align-center\" data-align=\"center\">Colombia<\/td><td class=\"has-text-align-center\" data-align=\"center\">Salom\u00f3n Mu\u00f1oz Chavarro<\/td><td class=\"has-text-align-center\" data-align=\"center\">Salomon_Munoz@hotmail.com<\/td><\/tr><tr><td class=\"has-text-align-center\" data-align=\"center\">Colombia<\/td><td class=\"has-text-align-center\" data-align=\"center\">Andr\u00e9s Forero<\/td><td class=\"has-text-align-center\" data-align=\"center\">aforero@foreromedina.com<\/td><\/tr><tr><td class=\"has-text-align-center\" data-align=\"center\">Colombia<\/td><td class=\"has-text-align-center\" data-align=\"center\">Diana Carolina Rodriguez Ospino<\/td><td class=\"has-text-align-center\" data-align=\"center\">drodriguez@mincit.gov.co<\/td><\/tr><tr><td class=\"has-text-align-center\" data-align=\"center\">Ecuador<\/td><td class=\"has-text-align-center\" data-align=\"center\">Fernanda Inga<\/td><td class=\"has-text-align-center\" data-align=\"center\">finga@corralrosales.com<\/td><\/tr><tr><td class=\"has-text-align-center\" data-align=\"center\">Ecuador<\/td><td class=\"has-text-align-center\" data-align=\"center\">Julio Moreira Castro<\/td><td class=\"has-text-align-center\" data-align=\"center\"><a href=\"mailto:juliomoreira@gmaduanas.com\">j<\/a>uliomoreira@gmaduanas.com<\/td><\/tr><tr><td class=\"has-text-align-center\" data-align=\"center\">M\u00e9xico<\/td><td class=\"has-text-align-center\" data-align=\"center\">Carla Rocio Tochijara Vargas<\/td><td class=\"has-text-align-center\" data-align=\"center\">carlatochijara@kinhana.com.mx<\/td><\/tr><tr><td class=\"has-text-align-center\" data-align=\"center\">M\u00e9xico<\/td><td class=\"has-text-align-center\" data-align=\"center\">Tom\u00e1s Bustos<\/td><td class=\"has-text-align-center\" data-align=\"center\">lic.tomasbl@gmail.com<\/td><\/tr><tr><td class=\"has-text-align-center\" data-align=\"center\">M\u00e9xico<\/td><td class=\"has-text-align-center\" data-align=\"center\">Hugo Carlos Qui\u00f1ones Pescador<\/td><td class=\"has-text-align-center\" data-align=\"center\">hugopescador@hotmail.com<\/td><\/tr><tr><td class=\"has-text-align-center\" data-align=\"center\">Per\u00fa<\/td><td class=\"has-text-align-center\" data-align=\"center\">Renzo Ruiz&nbsp;<\/td><td class=\"has-text-align-center\" data-align=\"center\">rruiz@dscasahierro.pe<\/td><\/tr><tr><td class=\"has-text-align-center\" data-align=\"center\">Per\u00fa<\/td><td class=\"has-text-align-center\" data-align=\"center\">Andr\u00e9 N\u00fa\u00f1ez Merejildo<\/td><td class=\"has-text-align-center\" data-align=\"center\">andrelegal2706@gmail.com<\/td><\/tr><tr><td class=\"has-text-align-center\" data-align=\"center\">Per\u00fa<\/td><td class=\"has-text-align-center\" data-align=\"center\">V\u00edctor Mart\u00edn Mondrag\u00f3n Guti\u00e9rrez<\/td><td class=\"has-text-align-center\" data-align=\"center\">victor.mondragon@adexperu.org.pe<\/td><\/tr><tr><td class=\"has-text-align-center\" data-align=\"center\">Uruguay<\/td><td class=\"has-text-align-center\" data-align=\"center\">Leslye Lemos&nbsp;<\/td><td class=\"has-text-align-center\" data-align=\"center\">Leslye.lemos@aduanas.gub.uy<\/td><\/tr><tr><td class=\"has-text-align-center\" data-align=\"center\">El Salvador <\/td><td class=\"has-text-align-center\" data-align=\"center\">Angelica Alejandra Calder\u00f3n Barillas<\/td><td class=\"has-text-align-center\" data-align=\"center\">acalderon@economia.gob.sv<\/td><\/tr><tr><td class=\"has-text-align-center\" data-align=\"center\">El Salvador <\/td><td class=\"has-text-align-center\" data-align=\"center\">Ana Marcela Mej\u00eda De Paz<\/td><td class=\"has-text-align-center\" data-align=\"center\">amejia@economia.gob.sv<\/td><\/tr><tr><td class=\"has-text-align-center\" data-align=\"center\">M\u00e9xico<\/td><td class=\"has-text-align-center\" data-align=\"center\">Magaly Lisbeth Castro Reyes<\/td><td class=\"has-text-align-center\" data-align=\"center\">magaly.castro@economia.gob.mx<\/td><\/tr><tr><td class=\"has-text-align-center\" data-align=\"center\">M\u00e9xico<\/td><td class=\"has-text-align-center\" data-align=\"center\">Marian Desir\u00e9 Mart\u00ednez V\u00e1zquez<\/td><td class=\"has-text-align-center\" data-align=\"center\">mariandesire.mv@gmail.com<\/td><\/tr><tr><td class=\"has-text-align-center\" data-align=\"center\">Honduras<\/td><td class=\"has-text-align-center\" data-align=\"center\">Mayra Jackeline Gallo&nbsp;<\/td><td class=\"has-text-align-center\" data-align=\"center\">gaelvirjackeline@gmail.com<\/td><\/tr><tr><td class=\"has-text-align-center\" data-align=\"center\">Guatemala<\/td><td class=\"has-text-align-center\" data-align=\"center\">Jos\u00e9 Rodrigo Lazo<\/td><td class=\"has-text-align-center\" data-align=\"center\">jrlazog@mineco.gob.gt<\/td><\/tr><tr><td class=\"has-text-align-center\" data-align=\"center\">Argentina<\/td><td class=\"has-text-align-center\" data-align=\"center\">Gast\u00f3n Pellin Mallet<\/td><td class=\"has-text-align-center\" data-align=\"center\">gpellin@ibagency.com<\/td><\/tr><tr><td class=\"has-text-align-center\" data-align=\"center\">Argentina<\/td><td class=\"has-text-align-center\" data-align=\"center\">Ricardo Saucedo Ricchini<\/td><td class=\"has-text-align-center\" data-align=\"center\">r.ricchini@comunidad.unne.edu.ar<\/td><\/tr><\/tbody><\/table><\/figure>\n\n\n\n<p class=\"sangria-parrafo\"><\/p>","protected":false},"excerpt":{"rendered":"<p>Encuentre un asesor Dumping-expert en su pa\u00eds. Posicionar productos en mercados extranjeros ha sido una aspiraci\u00f3n de todas las empresas, [&hellip;]<\/p>\n","protected":false},"author":1,"featured_media":0,"parent":0,"menu_order":0,"comment_status":"closed","ping_status":"closed","template":"","meta":{"_uag_custom_page_level_css":"","site-sidebar-layout":"default","site-content-layout":"","ast-site-content-layout":"","site-content-style":"default","site-sidebar-style":"default","ast-global-header-display":"","ast-banner-title-visibility":"","ast-main-header-display":"","ast-hfb-above-header-display":"","ast-hfb-below-header-display":"","ast-hfb-mobile-header-display":"","site-post-title":"disabled","ast-breadcrumbs-content":"","ast-featured-img":"","footer-sml-layout":"","theme-transparent-header-meta":"","adv-header-id-meta":"","stick-header-meta":"","header-above-stick-meta":"","header-main-stick-meta":"","header-below-stick-meta":"","astra-migrate-meta-layouts":"default","ast-page-background-enabled":"default","ast-page-background-meta":{"desktop":{"background-color":"var(--ast-global-color-4)","background-image":"","background-repeat":"repeat","background-position":"center center","background-size":"auto","background-attachment":"scroll","background-type":"","background-media":"","overlay-type":"","overlay-color":"","overlay-opacity":"","overlay-gradient":""},"tablet":{"background-color":"","background-image":"","background-repeat":"repeat","background-position":"center center","background-size":"auto","background-attachment":"scroll","background-type":"","background-media":"","overlay-type":"","overlay-color":"","overlay-opacity":"","overlay-gradient":""},"mobile":{"background-color":"","background-image":"","background-repeat":"repeat","background-position":"center center","background-size":"auto","background-attachment":"scroll","background-type":"","background-media":"","overlay-type":"","overlay-color":"","overlay-opacity":"","overlay-gradient":""}},"ast-content-background-meta":{"desktop":{"background-color":"var(--ast-global-color-5)","background-image":"","background-repeat":"repeat","background-position":"center center","background-size":"auto","background-attachment":"scroll","background-type":"","background-media":"","overlay-type":"","overlay-color":"","overlay-opacity":"","overlay-gradient":""},"tablet":{"background-color":"var(--ast-global-color-5)","background-image":"","background-repeat":"repeat","background-position":"center center","background-size":"auto","background-attachment":"scroll","background-type":"","background-media":"","overlay-type":"","overlay-color":"","overlay-opacity":"","overlay-gradient":""},"mobile":{"background-color":"var(--ast-global-color-5)","background-image":"","background-repeat":"repeat","background-position":"center center","background-size":"auto","background-attachment":"scroll","background-type":"","background-media":"","overlay-type":"","overlay-color":"","overlay-opacity":"","overlay-gradient":""}},"footnotes":""},"class_list":["post-266","page","type-page","status-publish","hentry"],"uagb_featured_image_src":{"full":false,"thumbnail":false,"medium":false,"medium_large":false,"large":false,"1536x1536":false,"2048x2048":false,"trp-custom-language-flag":false},"uagb_author_info":{"display_name":"dumpadmingral","author_link":"https:\/\/dumpingexperts.com\/en\/author\/dumpadmingral\/"},"uagb_comment_info":0,"uagb_excerpt":"Encuentre un asesor Dumping-expert en su pa\u00eds. Posicionar productos en mercados extranjeros ha sido una aspiraci\u00f3n de todas las empresas, [&hellip;]","_links":{"self":[{"href":"https:\/\/dumpingexperts.com\/en\/wp-json\/wp\/v2\/pages\/266","targetHints":{"allow":["GET"]}}],"collection":[{"href":"https:\/\/dumpingexperts.com\/en\/wp-json\/wp\/v2\/pages"}],"about":[{"href":"https:\/\/dumpingexperts.com\/en\/wp-json\/wp\/v2\/types\/page"}],"author":[{"embeddable":true,"href":"https:\/\/dumpingexperts.com\/en\/wp-json\/wp\/v2\/users\/1"}],"replies":[{"embeddable":true,"href":"https:\/\/dumpingexperts.com\/en\/wp-json\/wp\/v2\/comments?post=266"}],"version-history":[{"count":1,"href":"https:\/\/dumpingexperts.com\/en\/wp-json\/wp\/v2\/pages\/266\/revisions"}],"predecessor-version":[{"id":1003,"href":"https:\/\/dumpingexperts.com\/en\/wp-json\/wp\/v2\/pages\/266\/revisions\/1003"}],"wp:attachment":[{"href":"https:\/\/dumpingexperts.com\/en\/wp-json\/wp\/v2\/media?parent=266"}],"curies":[{"name":"wp","href":"https:\/\/api.w.org\/{rel}","templated":true}]}}