{"id":121,"date":"2024-09-30T15:59:56","date_gmt":"2024-09-30T18:59:56","guid":{"rendered":"https:\/\/dumpingexperts.com\/?page_id=121"},"modified":"2025-05-08T10:40:42","modified_gmt":"2025-05-08T13:40:42","slug":"venta-libro","status":"publish","type":"page","link":"https:\/\/dumpingexperts.com\/en\/venta-libro\/","title":{"rendered":"Books"},"content":{"rendered":"<p><\/p>\n\n\n\n<div class=\"wp-block-uagb-container uagb-block-9b765f87 alignfull uagb-is-root-container\"><div class=\"uagb-container-inner-blocks-wrap\">\n<div class=\"wp-block-uagb-container uagb-block-ceee574c\">\n<h1 class=\"wp-block-heading has-text-align-center has-ast-global-color-5-background-color has-background has-medium-font-size\" id=\"title\">Sistema Antidumping OMC: Texto did\u00e1ctico en espa\u00f1ol (Spanish Edition) Paperback \u2013 November 23, 2022<\/h1>\n\n\n\n<p class=\"has-text-align-center has-ast-global-color-5-background-color has-background\">Spanish Edition of&nbsp;<a href=\"https:\/\/www.amazon.com\/-\/es\/Mar%C3%ADa-Jos%C3%A9-Etulain-S%C3%B3rensen\/e\/B0BNLWP8NG\/ref=dp_byline_cont_book_1\" target=\"_blank\" rel=\"noopener\">Mar\u00eda Jos\u00e9 Etulain S\u00f3rensen<\/a>&nbsp;(Author)<\/p>\n\n\n\n<p><\/p>\n\n\n\n<p class=\"has-text-align-center has-ast-global-color-5-background-color has-background\">In this book, Mar\u00eda Jos\u00e9 makes the difficult easy, guiding the reader step by step to understand, first and foremost, the facts that constitute an unfair practice of international trade, explaining the contexts and the reasons why this practice is fought. Within the World Trade Organization, all countries have agreed on the rules that must be applied to combat dumping. Then, each country internalizes these rules, respecting the agreed limits. In this book, the author presents the WTO antidumping rules applied in all its member countries, offering cases and practical exercises that will make it easier to understand the complex economic frameworks involved. At the end of the work, the reader will find the full set of WTO legal texts that govern this matter.<\/p>\n\n\n\n<div class=\"wp-block-uagb-buttons uagb-buttons__outer-wrap uagb-btn__default-btn uagb-btn-tablet__default-btn uagb-btn-mobile__default-btn uagb-block-f6963314\"><div class=\"uagb-buttons__wrap uagb-buttons-layout-wrap\">\n<div class=\"wp-block-uagb-buttons-child uagb-buttons__outer-wrap uagb-block-3c4f12fa wp-block-button\"><div class=\"uagb-button__wrapper\"><a class=\"uagb-buttons-repeater wp-block-button__link\" aria-label=\"\" href=\"https:\/\/www.amazon.com\/Sistema-Antidumping-OMC-did%C3%A1ctico-espa%C3%B1ol\/dp\/B0BN7KH7ZX\" rel=\"follow noopener\" target=\"_self\" role=\"button\"><div class=\"uagb-button__link\">Buy Here <\/div><span class=\"uagb-button__icon uagb-button__icon-position-after\"><svg xmlns=\"https:\/\/www.w3.org\/2000\/svg\" viewbox=\"0 0 448 512\" aria-hidden=\"true\" focussable=\"false\"><path d=\"M438.6 278.6l-160 160C272.4 444.9 264.2 448 256 448s-16.38-3.125-22.62-9.375c-12.5-12.5-12.5-32.75 0-45.25L338.8 288H32C14.33 288 .0016 273.7 .0016 256S14.33 224 32 224h306.8l-105.4-105.4c-12.5-12.5-12.5-32.75 0-45.25s32.75-12.5 45.25 0l160 160C451.1 245.9 451.1 266.1 438.6 278.6z\"><\/path><\/svg><\/span><\/a><\/div><\/div>\n<\/div><\/div>\n<\/div>\n\n\n\n<div class=\"wp-block-uagb-container uagb-block-7225a9d4\">\n<div class=\"wp-block-uagb-image uagb-block-6ce4e2bb wp-block-uagb-image--layout-default wp-block-uagb-image--effect-static wp-block-uagb-image--align-none\"><figure class=\"wp-block-uagb-image__figure\"><img decoding=\"async\" srcset=\"https:\/\/dumpingexperts.com\/wp-content\/uploads\/2024\/10\/libro-1024x1024.jpg ,https:\/\/dumpingexperts.com\/wp-content\/uploads\/2024\/10\/libro.jpg 780w, https:\/\/dumpingexperts.com\/wp-content\/uploads\/2024\/10\/libro.jpg 360w\" sizes=\"auto, (max-width: 480px) 150px\" src=\"https:\/\/dumpingexperts.com\/wp-content\/uploads\/2024\/10\/libro-1024x1024.jpg\" alt=\"\" class=\"uag-image-174\" width=\"1024\" height=\"1024\" title=\"libro\" loading=\"lazy\" role=\"img\"\/><\/figure><\/div>\n<\/div>\n<\/div><\/div>\n\n\n\n<figure class=\"wp-block-table\"><table class=\"has-fixed-layout\"><thead><tr><th class=\"has-text-align-center\" data-align=\"center\">Country<\/th><th>Doctrina Nacional <\/th><\/tr><\/thead><tbody><tr><td class=\"has-text-align-center\" data-align=\"center\">Argentina<\/td><td>\u201c<em>Impuestos aduaneros\u201d Lascano, Etulain S\u00f3rensen. Ed IARA. 2021<\/em><\/td><\/tr><tr><td class=\"has-text-align-center\" data-align=\"center\">M\u00e9xico <\/td><td>\u00ab<em>Ley de Comercio Exterior: Anotada 2021<\/em>\u00bb Ricardo Ram\u00edrez Hern\u00e1ndez y Marisol Gonz\u00e1lez Vallejo<\/td><\/tr><tr><td class=\"has-text-align-center\" data-align=\"center\">M\u00e9xico <\/td><td>\u00ab<em>Comercio Internacional, r\u00e9gimen jur\u00eddico econ\u00f3mico<\/em>\u00ab<br> Juan Manuel\u00a0Salda\u00f1a P\u00e9rez. Ed Porr\u00faa<\/td><\/tr><\/tbody><\/table><\/figure>\n\n\n\n<p><\/p>","protected":false},"excerpt":{"rendered":"<p>Sistema Antidumping OMC: Texto did\u00e1ctico en espa\u00f1ol (Spanish Edition)&nbsp;Tapa blanda \u2013 23 Noviembre 2022 Edici\u00f3n en Espa\u00f1ol&nbsp;&nbsp;de&nbsp;Mar\u00eda Jos\u00e9 Etulain S\u00f3rensen&nbsp;(Author) [&hellip;]<\/p>\n","protected":false},"author":1,"featured_media":0,"parent":0,"menu_order":0,"comment_status":"closed","ping_status":"closed","template":"","meta":{"_uag_custom_page_level_css":"","site-sidebar-layout":"default","site-content-layout":"","ast-site-content-layout":"default","site-content-style":"default","site-sidebar-style":"default","ast-global-header-display":"","ast-banner-title-visibility":"","ast-main-header-display":"","ast-hfb-above-header-display":"","ast-hfb-below-header-display":"","ast-hfb-mobile-header-display":"","site-post-title":"disabled","ast-breadcrumbs-content":"","ast-featured-img":"","footer-sml-layout":"","theme-transparent-header-meta":"","adv-header-id-meta":"","stick-header-meta":"","header-above-stick-meta":"","header-main-stick-meta":"","header-below-stick-meta":"","astra-migrate-meta-layouts":"default","ast-page-background-enabled":"default","ast-page-background-meta":{"desktop":{"background-color":"var(--ast-global-color-4)","background-image":"","background-repeat":"repeat","background-position":"center center","background-size":"auto","background-attachment":"scroll","background-type":"","background-media":"","overlay-type":"","overlay-color":"","overlay-opacity":"","overlay-gradient":""},"tablet":{"background-color":"","background-image":"","background-repeat":"repeat","background-position":"center center","background-size":"auto","background-attachment":"scroll","background-type":"","background-media":"","overlay-type":"","overlay-color":"","overlay-opacity":"","overlay-gradient":""},"mobile":{"background-color":"","background-image":"","background-repeat":"repeat","background-position":"center center","background-size":"auto","background-attachment":"scroll","background-type":"","background-media":"","overlay-type":"","overlay-color":"","overlay-opacity":"","overlay-gradient":""}},"ast-content-background-meta":{"desktop":{"background-color":"var(--ast-global-color-5)","background-image":"","background-repeat":"repeat","background-position":"center center","background-size":"auto","background-attachment":"scroll","background-type":"","background-media":"","overlay-type":"","overlay-color":"","overlay-opacity":"","overlay-gradient":""},"tablet":{"background-color":"var(--ast-global-color-5)","background-image":"","background-repeat":"repeat","background-position":"center center","background-size":"auto","background-attachment":"scroll","background-type":"","background-media":"","overlay-type":"","overlay-color":"","overlay-opacity":"","overlay-gradient":""},"mobile":{"background-color":"var(--ast-global-color-5)","background-image":"","background-repeat":"repeat","background-position":"center center","background-size":"auto","background-attachment":"scroll","background-type":"","background-media":"","overlay-type":"","overlay-color":"","overlay-opacity":"","overlay-gradient":""}},"footnotes":""},"class_list":["post-121","page","type-page","status-publish","hentry"],"uagb_featured_image_src":{"full":false,"thumbnail":false,"medium":false,"medium_large":false,"large":false,"1536x1536":false,"2048x2048":false,"trp-custom-language-flag":false},"uagb_author_info":{"display_name":"dumpadmingral","author_link":"https:\/\/dumpingexperts.com\/en\/author\/dumpadmingral\/"},"uagb_comment_info":0,"uagb_excerpt":"Sistema Antidumping OMC: Texto did\u00e1ctico en espa\u00f1ol (Spanish Edition)&nbsp;Tapa blanda \u2013 23 Noviembre 2022 Edici\u00f3n en Espa\u00f1ol&nbsp;&nbsp;de&nbsp;Mar\u00eda Jos\u00e9 Etulain S\u00f3rensen&nbsp;(Author) [&hellip;]","_links":{"self":[{"href":"https:\/\/dumpingexperts.com\/en\/wp-json\/wp\/v2\/pages\/121","targetHints":{"allow":["GET"]}}],"collection":[{"href":"https:\/\/dumpingexperts.com\/en\/wp-json\/wp\/v2\/pages"}],"about":[{"href":"https:\/\/dumpingexperts.com\/en\/wp-json\/wp\/v2\/types\/page"}],"author":[{"embeddable":true,"href":"https:\/\/dumpingexperts.com\/en\/wp-json\/wp\/v2\/users\/1"}],"replies":[{"embeddable":true,"href":"https:\/\/dumpingexperts.com\/en\/wp-json\/wp\/v2\/comments?post=121"}],"version-history":[{"count":1,"href":"https:\/\/dumpingexperts.com\/en\/wp-json\/wp\/v2\/pages\/121\/revisions"}],"predecessor-version":[{"id":952,"href":"https:\/\/dumpingexperts.com\/en\/wp-json\/wp\/v2\/pages\/121\/revisions\/952"}],"wp:attachment":[{"href":"https:\/\/dumpingexperts.com\/en\/wp-json\/wp\/v2\/media?parent=121"}],"curies":[{"name":"wp","href":"https:\/\/api.w.org\/{rel}","templated":true}]}}