{"id":119,"date":"2024-09-30T15:59:08","date_gmt":"2024-09-30T18:59:08","guid":{"rendered":"https:\/\/dumpingexperts.com\/?page_id=119"},"modified":"2025-11-28T12:54:38","modified_gmt":"2025-11-28T15:54:38","slug":"seminarios","status":"publish","type":"page","link":"https:\/\/dumpingexperts.com\/en\/seminarios\/","title":{"rendered":"Seminars"},"content":{"rendered":"<p><\/p>\n\n\n\n<p class=\"sangria-parrafo\">Become an expert in the antidumping system with our structured seminar series. From basic knowledge to advanced application, these seminars are designed to guide you step by step through the most relevant aspects of international trade related to dumping.<\/p>\n\n\n\n<p><\/p>\n\n\n\n<div class=\"wp-block-uagb-container uagb-block-f2ce01c9 alignfull uagb-is-root-container\"><div class=\"uagb-container-inner-blocks-wrap\">\n<div class=\"wp-block-columns is-layout-flex wp-container-core-columns-is-layout-2 wp-block-columns-is-layout-flex\">\n<div class=\"wp-block-column is-layout-flow wp-block-column-is-layout-flow\" style=\"flex-basis:100%\">\n<div class=\"wp-block-columns is-layout-flex wp-container-core-columns-is-layout-1 wp-block-columns-is-layout-flex\">\n<div class=\"wp-block-column is-layout-flow wp-block-column-is-layout-flow\">\n<div class=\"wp-block-uagb-image uagb-block-862c4d74 wp-block-uagb-image--layout-default wp-block-uagb-image--effect-static wp-block-uagb-image--align-none\"><figure class=\"wp-block-uagb-image__figure\"><img decoding=\"async\" srcset=\"https:\/\/dumpingexperts.com\/wp-content\/uploads\/2025\/11\/Flyer-Seminario-I-1024x1024.png ,https:\/\/dumpingexperts.com\/wp-content\/uploads\/2025\/11\/Flyer-Seminario-I.png 780w, https:\/\/dumpingexperts.com\/wp-content\/uploads\/2025\/11\/Flyer-Seminario-I.png 360w\" sizes=\"auto, (max-width: 480px) 150px\" src=\"https:\/\/dumpingexperts.com\/wp-content\/uploads\/2025\/11\/Flyer-Seminario-I-1024x1024.png\" alt=\"Imagen promocional del Seminario I de Dumping Experts, que presenta la capacitaci\u00f3n sobre pr\u00e1cticas de dumping, normativa OMC y an\u00e1lisis de casos. Incluye fecha del evento, modalidad online y datos de registro\" class=\"uag-image-1016\" width=\"1024\" height=\"1024\" title=\"Flyer Seminario I\" loading=\"lazy\" role=\"img\"\/><\/figure><\/div>\n<\/div>\n\n\n\n<div class=\"wp-block-column is-layout-flow wp-block-column-is-layout-flow\">\n<div class=\"wp-block-uagb-advanced-heading uagb-block-54fbb468\"><h2 class=\"uagb-heading-text\">Seminario I: Sistema Antidumping OMC<\/h2><\/div>\n\n\n\n<p>Este entrenamiento, dictado en <strong>espa\u00f1ol<\/strong>, est\u00e1 dise\u00f1ado para profesionales con formaci\u00f3n en comercio internacional que deseen <strong>certificar su comprensi\u00f3n econ\u00f3mico-jur\u00eddica en materia antidumping OMC<\/strong>.<\/p>\n\n\n\n<p><strong>Enlace para la inscripci\u00f3n: <\/strong><a href=\"https:\/\/us02web.zoom.us\/meeting\/register\/QTmiukMLR0616WACIYc5rA\" target=\"_blank\" rel=\"noopener\">\ud83d\udc49 Aqu\u00ed<\/a><\/p>\n\n\n\n<p><a href=\"https:\/\/dumpingexperts.com\/wp-content\/uploads\/2025\/11\/Programa-Seminario-I-Sistema-Antidumping-OMC-Mayo-2026.pdf\">Programa Seminario I Sistema Antidumping OMC<\/a><\/p>\n\n\n\n<p><strong>Stripe:<\/strong> <a href=\"https:\/\/buy.stripe.com\/8x2eVc4568mo9pM1iNes006\" data-type=\"link\" data-id=\"https:\/\/buy.stripe.com\/6oEcOC1bogWMbqE8wB\" target=\"_blank\" rel=\"noopener\">Link de pago<\/a><\/p>\n\n\n\n<p><em><strong>Miembros de la comunidad de LinkedIn: 30% de descuento. Solicit\u00e1 tu c\u00f3digo antes de pagar.<\/strong><\/em><\/p>\n\n\n\n<p><strong>Zelle:<\/strong> \ud83d\udce7 <a href=\"mailto:info@dumpingexperts.com\">info@dumpingexperts.com<\/a><\/p>\n\n\n\n<p><strong>PayPal: <\/strong>\ud83d\udd17 Usuario: <em>@MJEGLOBAL<\/em><\/p>\n<\/div>\n<\/div>\n<\/div>\n<\/div>\n<\/div><\/div>\n\n\n\n<div class=\"wp-block-uagb-container uagb-block-c922df73 alignfull uagb-is-root-container\"><div class=\"uagb-container-inner-blocks-wrap\">\n<div class=\"wp-block-columns is-layout-flex wp-container-core-columns-is-layout-4 wp-block-columns-is-layout-flex\">\n<div class=\"wp-block-column is-layout-flow wp-block-column-is-layout-flow\" style=\"flex-basis:100%\">\n<div class=\"wp-block-columns is-layout-flex wp-container-core-columns-is-layout-3 wp-block-columns-is-layout-flex\">\n<div class=\"wp-block-column is-layout-flow wp-block-column-is-layout-flow\">\n<div class=\"wp-block-uagb-image uagb-block-a9195458 wp-block-uagb-image--layout-default wp-block-uagb-image--effect-static wp-block-uagb-image--align-none\"><figure class=\"wp-block-uagb-image__figure\"><img decoding=\"async\" srcset=\"https:\/\/dumpingexperts.com\/wp-content\/uploads\/2025\/11\/Flyer-seminario-II-1024x1024.png ,https:\/\/dumpingexperts.com\/wp-content\/uploads\/2025\/11\/Flyer-seminario-II.png 780w, https:\/\/dumpingexperts.com\/wp-content\/uploads\/2025\/11\/Flyer-seminario-II.png 360w\" sizes=\"auto, (max-width: 480px) 150px\" src=\"https:\/\/dumpingexperts.com\/wp-content\/uploads\/2025\/11\/Flyer-seminario-II-1024x1024.png\" alt=\"Imagen promocional del Seminario II de Dumping Experts, que anuncia la\" class=\"uag-image-1028\" width=\"1024\" height=\"1024\" title=\"Flyer seminario II\" loading=\"lazy\" role=\"img\"\/><\/figure><\/div>\n<\/div>\n\n\n\n<div class=\"wp-block-column is-layout-flow wp-block-column-is-layout-flow\">\n<div class=\"wp-block-uagb-advanced-heading uagb-block-7595abe1\"><h2 class=\"uagb-heading-text\"><strong>Seminario II: An\u00e1lisis econ\u00f3mico aplicado a la&nbsp; evaluaci\u00f3n de escenarios de dumping<\/strong>. <\/h2><\/div>\n\n\n\n<p>En este entrenamiento profundizaremos el desarrollo de una mirada econ\u00f3mica sobre la situaci\u00f3n de sus clientes y la mejor posici\u00f3n relativa posible, desde el caso de estudio pr\u00e1ctico, \u00abPVC \u00d6ffnungen\u00bb. Ser\u00e1 una excelente oportunidad para ampliar su conocimiento.<br><\/p>\n\n\n\n<p><strong>Enlace para la inscripci\u00f3n: <\/strong><a href=\"https:\/\/us02web.zoom.us\/meeting\/register\/4qrhDFvYQA-D5nTqOE4oEw\" target=\"_blank\" rel=\"noopener\">\ud83d\udc49 Aqu\u00ed<\/a><\/p>\n\n\n\n<p><a href=\"https:\/\/dumpingexperts.com\/wp-content\/uploads\/2025\/04\/Programa-Seminario-II-AEA-evaluacion-de-escenarios-de-dumping.pdf\" data-type=\"link\" data-id=\"https:\/\/dumpingexperts.com\/wp-content\/uploads\/2025\/04\/Programa-Seminario-II-AEA-evaluacion-de-escenarios-de-dumping.pdf\">Programa Semi<\/a><a href=\"https:\/\/dumpingexperts.com\/wp-content\/uploads\/2025\/11\/Programa-Seminario-II-AEA-evaluacion-de-escenarios-de-dumping.pdf\" data-type=\"link\" data-id=\"https:\/\/dumpingexperts.com\/wp-content\/uploads\/2025\/04\/Programa-Seminario-II-AEA-evaluacion-de-escenarios-de-dumping.pdf\">nario II Sistema Antidumping OMC<\/a><\/p>\n\n\n\n<p><strong>Stripe:<\/strong> <a href=\"https:\/\/buy.stripe.com\/28E8wO1WY8mo31obXres007\" data-type=\"link\" data-id=\"https:\/\/buy.stripe.com\/6oEcOC1bogWMbqE8wB\" target=\"_blank\" rel=\"noopener\">Link de pago<\/a><\/p>\n\n\n\n<p><em><strong>Comunidad LinkedIn 30% + Asistente Regular 25% (55% total). Ped\u00ed tu c\u00f3digo antes de pagar.<\/strong><\/em><\/p>\n\n\n\n<p><strong>Zelle:<\/strong> \ud83d\udce7 <a href=\"mailto:info@dumpingexperts.com\">info@dumpingexperts.com<\/a><\/p>\n\n\n\n<p><strong>PayPal: <\/strong>\ud83d\udd17 Usuario: <em>@MJEGLOBAL<\/em><\/p>\n<\/div>\n<\/div>\n<\/div>\n<\/div>\n<\/div><\/div>\n\n\n\n<div class=\"wp-block-uagb-icon-list uagb-block-9067a13c\"><div class=\"uagb-icon-list__wrap\">\n<div class=\"wp-block-uagb-icon-list-child uagb-block-eb9028b8\"><span class=\"uagb-icon-list__source-wrap\"><svg xmlns=\"https:\/\/www.w3.org\/2000\/svg\" viewbox=\"0 0 512 512\"><path d=\"M256 0C114.6 0 0 114.6 0 256c0 141.4 114.6 256 256 256s256-114.6 256-256C512 114.6 397.4 0 256 0zM406.6 278.6l-103.1 103.1c-12.5 12.5-32.75 12.5-45.25 0s-12.5-32.75 0-45.25L306.8 288H128C110.3 288 96 273.7 96 256s14.31-32 32-32h178.8l-49.38-49.38c-12.5-12.5-12.5-32.75 0-45.25s32.75-12.5 45.25 0l103.1 103.1C414.6 241.3 416 251.1 416 256C416 260.9 414.6 270.7 406.6 278.6z\"><\/path><\/svg><\/span><span class=\"uagb-icon-list__label\"><strong>Seminar I: Antidumping System<\/strong>Introduction to the Legal and Regulatory Framework of Antidumping. Ideal for those who are just starting with the topic.<\/span><\/div>\n\n\n\n<div class=\"wp-block-uagb-icon-list-child uagb-block-f3a0f447\"><span class=\"uagb-icon-list__source-wrap\"><svg xmlns=\"https:\/\/www.w3.org\/2000\/svg\" viewbox=\"0 0 512 512\"><path d=\"M256 0C114.6 0 0 114.6 0 256c0 141.4 114.6 256 256 256s256-114.6 256-256C512 114.6 397.4 0 256 0zM406.6 278.6l-103.1 103.1c-12.5 12.5-32.75 12.5-45.25 0s-12.5-32.75 0-45.25L306.8 288H128C110.3 288 96 273.7 96 256s14.31-32 32-32h178.8l-49.38-49.38c-12.5-12.5-12.5-32.75 0-45.25s32.75-12.5 45.25 0l103.1 103.1C414.6 241.3 416 251.1 416 256C416 260.9 414.6 270.7 406.6 278.6z\"><\/path><\/svg><\/span><span class=\"uagb-icon-list__label\"><strong>Seminar II: Applied Economic Analysis in the Dumping Scenario<\/strong>Exploration of how economic analysis supports decisions in dumping cases.<\/span><\/div>\n\n\n\n<div class=\"wp-block-uagb-icon-list-child uagb-block-72714c43\"><span class=\"uagb-icon-list__source-wrap\"><svg xmlns=\"https:\/\/www.w3.org\/2000\/svg\" viewbox=\"0 0 512 512\"><path d=\"M256 0C114.6 0 0 114.6 0 256c0 141.4 114.6 256 256 256s256-114.6 256-256C512 114.6 397.4 0 256 0zM406.6 278.6l-103.1 103.1c-12.5 12.5-32.75 12.5-45.25 0s-12.5-32.75 0-45.25L306.8 288H128C110.3 288 96 273.7 96 256s14.31-32 32-32h178.8l-49.38-49.38c-12.5-12.5-12.5-32.75 0-45.25s32.75-12.5 45.25 0l103.1 103.1C414.6 241.3 416 251.1 416 256C416 260.9 414.6 270.7 406.6 278.6z\"><\/path><\/svg><\/span><span class=\"uagb-icon-list__label\"><strong>Seminar III: Survey of Normal Values<\/strong>:Learn how to determine normal values in antidumping investigations. <\/span><\/div>\n<\/div><\/div>\n\n\n\n<div class=\"wp-block-uagb-container uagb-block-5a7815ed alignfull uagb-is-root-container\"><div class=\"uagb-container-inner-blocks-wrap\">\n<div class=\"wp-block-uagb-icon-list uagb-block-b85404d9\"><div class=\"uagb-icon-list__wrap\">\n<div class=\"wp-block-uagb-icon-list-child uagb-block-a56cdfeb\"><span class=\"uagb-icon-list__source-wrap\"><svg xmlns=\"https:\/\/www.w3.org\/2000\/svg\" viewbox=\"0 0 512 512\"><path d=\"M256 0C114.6 0 0 114.6 0 256c0 141.4 114.6 256 256 256s256-114.6 256-256C512 114.6 397.4 0 256 0zM406.6 278.6l-103.1 103.1c-12.5 12.5-32.75 12.5-45.25 0s-12.5-32.75 0-45.25L306.8 288H128C110.3 288 96 273.7 96 256s14.31-32 32-32h178.8l-49.38-49.38c-12.5-12.5-12.5-32.75 0-45.25s32.75-12.5 45.25 0l103.1 103.1C414.6 241.3 416 251.1 416 256C416 260.9 414.6 270.7 406.6 278.6z\"><\/path><\/svg><\/span><span class=\"uagb-icon-list__label\"><strong>Seminar IV: Analysis of Variables to Determine Injury<\/strong>: In-depth study of the key variables that affect the damage assessment. <\/span><\/div>\n\n\n\n<div class=\"wp-block-uagb-icon-list-child uagb-block-452a8634\"><span class=\"uagb-icon-list__source-wrap\"><svg xmlns=\"https:\/\/www.w3.org\/2000\/svg\" viewbox=\"0 0 512 512\"><path d=\"M256 0C114.6 0 0 114.6 0 256c0 141.4 114.6 256 256 256s256-114.6 256-256C512 114.6 397.4 0 256 0zM406.6 278.6l-103.1 103.1c-12.5 12.5-32.75 12.5-45.25 0s-12.5-32.75 0-45.25L306.8 288H128C110.3 288 96 273.7 96 256s14.31-32 32-32h178.8l-49.38-49.38c-12.5-12.5-12.5-32.75 0-45.25s32.75-12.5 45.25 0l103.1 103.1C414.6 241.3 416 251.1 416 256C416 260.9 414.6 270.7 406.6 278.6z\"><\/path><\/svg><\/span><span class=\"uagb-icon-list__label\"><strong>Seminar V: Linked Companies in a Dumping Case. Beginner Level<\/strong>: Introduction to how companies become involved in dumping cases.<\/span><\/div>\n\n\n\n<div class=\"wp-block-uagb-icon-list-child uagb-block-5a1c455c\"><span class=\"uagb-icon-list__source-wrap\"><svg xmlns=\"https:\/\/www.w3.org\/2000\/svg\" viewbox=\"0 0 512 512\"><path d=\"M256 0C114.6 0 0 114.6 0 256c0 141.4 114.6 256 256 256s256-114.6 256-256C512 114.6 397.4 0 256 0zM406.6 278.6l-103.1 103.1c-12.5 12.5-32.75 12.5-45.25 0s-12.5-32.75 0-45.25L306.8 288H128C110.3 288 96 273.7 96 256s14.31-32 32-32h178.8l-49.38-49.38c-12.5-12.5-12.5-32.75 0-45.25s32.75-12.5 45.25 0l103.1 103.1C414.6 241.3 416 251.1 416 256C416 260.9 414.6 270.7 406.6 278.6z\"><\/path><\/svg><\/span><span class=\"uagb-icon-list__label\"><strong>Seminar VI: Linked Companies in a Dumping Case. Advanced Level<\/strong>: Advanced course on the role and responsibilities of companies in complex dumping cases.<\/span><\/div>\n<\/div><\/div>\n<\/div><\/div>\n\n\n\n<p><\/p>\n\n\n\n<div class=\"wp-block-uagb-container uagb-block-f84d9f33 alignfull uagb-is-root-container\"><div class=\"uagb-container-inner-blocks-wrap\">\n<div class=\"wp-block-uagb-image uagb-block-abd61546 wp-block-uagb-image--layout-default wp-block-uagb-image--effect-static wp-block-uagb-image--align-none\"><figure class=\"wp-block-uagb-image__figure\"><img decoding=\"async\" srcset=\"https:\/\/dumpingexperts.com\/wp-content\/uploads\/2025\/01\/5-1024x1024.png ,https:\/\/dumpingexperts.com\/wp-content\/uploads\/2025\/01\/5.png 780w, https:\/\/dumpingexperts.com\/wp-content\/uploads\/2025\/01\/5.png 360w\" sizes=\"auto, (max-width: 480px) 150px\" src=\"https:\/\/dumpingexperts.com\/wp-content\/uploads\/2025\/01\/5-1024x1024.png\" alt=\"\" class=\"uag-image-652\" width=\"579\" height=\"579\" title=\"5\" loading=\"lazy\" role=\"img\"\/><\/figure><\/div>\n<\/div><\/div>","protected":false},"excerpt":{"rendered":"<p>Convi\u00e9rtete en un experto en el sistema antidumping con nuestra serie de seminarios estructurados. Desde el conocimiento b\u00e1sico hasta la [&hellip;]<\/p>\n","protected":false},"author":1,"featured_media":0,"parent":0,"menu_order":0,"comment_status":"closed","ping_status":"closed","template":"","meta":{"_uag_custom_page_level_css":"","site-sidebar-layout":"default","site-content-layout":"","ast-site-content-layout":"","site-content-style":"default","site-sidebar-style":"default","ast-global-header-display":"","ast-banner-title-visibility":"","ast-main-header-display":"","ast-hfb-above-header-display":"","ast-hfb-below-header-display":"","ast-hfb-mobile-header-display":"","site-post-title":"","ast-breadcrumbs-content":"","ast-featured-img":"","footer-sml-layout":"","theme-transparent-header-meta":"","adv-header-id-meta":"","stick-header-meta":"","header-above-stick-meta":"","header-main-stick-meta":"","header-below-stick-meta":"","astra-migrate-meta-layouts":"default","ast-page-background-enabled":"default","ast-page-background-meta":{"desktop":{"background-color":"var(--ast-global-color-4)","background-image":"","background-repeat":"repeat","background-position":"center center","background-size":"auto","background-attachment":"scroll","background-type":"","background-media":"","overlay-type":"","overlay-color":"","overlay-opacity":"","overlay-gradient":""},"tablet":{"background-color":"","background-image":"","background-repeat":"repeat","background-position":"center center","background-size":"auto","background-attachment":"scroll","background-type":"","background-media":"","overlay-type":"","overlay-color":"","overlay-opacity":"","overlay-gradient":""},"mobile":{"background-color":"","background-image":"","background-repeat":"repeat","background-position":"center center","background-size":"auto","background-attachment":"scroll","background-type":"","background-media":"","overlay-type":"","overlay-color":"","overlay-opacity":"","overlay-gradient":""}},"ast-content-background-meta":{"desktop":{"background-color":"var(--ast-global-color-5)","background-image":"","background-repeat":"repeat","background-position":"center center","background-size":"auto","background-attachment":"scroll","background-type":"","background-media":"","overlay-type":"","overlay-color":"","overlay-opacity":"","overlay-gradient":""},"tablet":{"background-color":"var(--ast-global-color-5)","background-image":"","background-repeat":"repeat","background-position":"center center","background-size":"auto","background-attachment":"scroll","background-type":"","background-media":"","overlay-type":"","overlay-color":"","overlay-opacity":"","overlay-gradient":""},"mobile":{"background-color":"var(--ast-global-color-5)","background-image":"","background-repeat":"repeat","background-position":"center center","background-size":"auto","background-attachment":"scroll","background-type":"","background-media":"","overlay-type":"","overlay-color":"","overlay-opacity":"","overlay-gradient":""}},"footnotes":""},"class_list":["post-119","page","type-page","status-publish","hentry"],"uagb_featured_image_src":{"full":false,"thumbnail":false,"medium":false,"medium_large":false,"large":false,"1536x1536":false,"2048x2048":false,"trp-custom-language-flag":false},"uagb_author_info":{"display_name":"dumpadmingral","author_link":"https:\/\/dumpingexperts.com\/en\/author\/dumpadmingral\/"},"uagb_comment_info":0,"uagb_excerpt":"Convi\u00e9rtete en un experto en el sistema antidumping con nuestra serie de seminarios estructurados. Desde el conocimiento b\u00e1sico hasta la [&hellip;]","_links":{"self":[{"href":"https:\/\/dumpingexperts.com\/en\/wp-json\/wp\/v2\/pages\/119","targetHints":{"allow":["GET"]}}],"collection":[{"href":"https:\/\/dumpingexperts.com\/en\/wp-json\/wp\/v2\/pages"}],"about":[{"href":"https:\/\/dumpingexperts.com\/en\/wp-json\/wp\/v2\/types\/page"}],"author":[{"embeddable":true,"href":"https:\/\/dumpingexperts.com\/en\/wp-json\/wp\/v2\/users\/1"}],"replies":[{"embeddable":true,"href":"https:\/\/dumpingexperts.com\/en\/wp-json\/wp\/v2\/comments?post=119"}],"version-history":[{"count":1,"href":"https:\/\/dumpingexperts.com\/en\/wp-json\/wp\/v2\/pages\/119\/revisions"}],"predecessor-version":[{"id":1045,"href":"https:\/\/dumpingexperts.com\/en\/wp-json\/wp\/v2\/pages\/119\/revisions\/1045"}],"wp:attachment":[{"href":"https:\/\/dumpingexperts.com\/en\/wp-json\/wp\/v2\/media?parent=119"}],"curies":[{"name":"wp","href":"https:\/\/api.w.org\/{rel}","templated":true}]}}