{"id":352,"date":"2025-01-07T13:51:05","date_gmt":"2025-01-07T16:51:05","guid":{"rendered":"https:\/\/dumpingexperts.com\/?page_id=352"},"modified":"2025-07-09T11:55:11","modified_gmt":"2025-07-09T14:55:11","slug":"analisis-de-sector","status":"publish","type":"page","link":"http:\/\/dumpingexperts.com\/en\/analisis-de-sector\/","title":{"rendered":"Sector Analysis"},"content":{"rendered":"<p><\/p>\n\n\n\n<p class=\"sangria-parrafo\">In this section, you will find detailed analyses of various economic sectors, developed from the perspective of antidumping investigations within the WTO regulatory framework. This space provides key insights into how antidumping measures impact global markets and the strategies each sector employs to tackle commercial challenges.<\/p>\n\n\n\n<p><\/p>\n\n\n\n<figure class=\"wp-block-table mi-tabla table-responsive\"><table class=\"has-fixed-layout\"><thead><tr><th class=\"has-text-align-center\" data-align=\"center\">Sector<\/th><th class=\"has-text-align-center\" data-align=\"center\">Author<\/th><th class=\"has-text-align-center\" data-align=\"center\">Date<\/th><th class=\"has-text-align-center\" data-align=\"center\">Scope<\/th><th class=\"has-text-align-center\" data-align=\"center\">Summary <\/th><\/tr><\/thead><tbody><tr><td class=\"has-text-align-center\" data-align=\"center\"><a href=\"https:\/\/dumpingexperts.com\/wp-content\/uploads\/2025\/07\/ANALISIS-AUTOS-ELECTRICOS_compressed-1.pdf\" data-type=\"link\" data-id=\"https:\/\/dumpingexperts.com\/wp-content\/uploads\/2025\/07\/ANALISIS-AUTOS-ELECTRICOS_compressed-1.pdf\">Sector Automotriz<\/a><\/td><td class=\"has-text-align-center\" data-align=\"center\">\ud83c\udf96\ufe0fMar\u00eda Jos\u00e9 Etulain<\/td><td class=\"has-text-align-center\" data-align=\"center\">julio 2025<\/td><td class=\"has-text-align-center\" data-align=\"center\">Global<\/td><td class=\"has-text-align-center\" data-align=\"center\">Autom\u00f3viles el\u00e9ctricos (BEV). Nuevos desaf\u00edos para mercados tradicionalmente complicados. <\/td><\/tr><\/tbody><\/table><\/figure>","protected":false},"excerpt":{"rendered":"<p>En esta secci\u00f3n encontraras los an\u00e1lisis detallados de distintos sectores econ\u00f3micos, elaborados desde la perspectiva de las investigaciones antidumping en [&hellip;]<\/p>\n","protected":false},"author":1,"featured_media":0,"parent":0,"menu_order":0,"comment_status":"closed","ping_status":"closed","template":"","meta":{"_uag_custom_page_level_css":"","site-sidebar-layout":"default","site-content-layout":"","ast-site-content-layout":"","site-content-style":"default","site-sidebar-style":"default","ast-global-header-display":"","ast-banner-title-visibility":"","ast-main-header-display":"","ast-hfb-above-header-display":"","ast-hfb-below-header-display":"","ast-hfb-mobile-header-display":"","site-post-title":"","ast-breadcrumbs-content":"","ast-featured-img":"","footer-sml-layout":"","theme-transparent-header-meta":"","adv-header-id-meta":"","stick-header-meta":"","header-above-stick-meta":"","header-main-stick-meta":"","header-below-stick-meta":"","astra-migrate-meta-layouts":"default","ast-page-background-enabled":"default","ast-page-background-meta":{"desktop":{"background-color":"var(--ast-global-color-4)","background-image":"","background-repeat":"repeat","background-position":"center center","background-size":"auto","background-attachment":"scroll","background-type":"","background-media":"","overlay-type":"","overlay-color":"","overlay-opacity":"","overlay-gradient":""},"tablet":{"background-color":"","background-image":"","background-repeat":"repeat","background-position":"center center","background-size":"auto","background-attachment":"scroll","background-type":"","background-media":"","overlay-type":"","overlay-color":"","overlay-opacity":"","overlay-gradient":""},"mobile":{"background-color":"","background-image":"","background-repeat":"repeat","background-position":"center center","background-size":"auto","background-attachment":"scroll","background-type":"","background-media":"","overlay-type":"","overlay-color":"","overlay-opacity":"","overlay-gradient":""}},"ast-content-background-meta":{"desktop":{"background-color":"var(--ast-global-color-5)","background-image":"","background-repeat":"repeat","background-position":"center center","background-size":"auto","background-attachment":"scroll","background-type":"","background-media":"","overlay-type":"","overlay-color":"","overlay-opacity":"","overlay-gradient":""},"tablet":{"background-color":"var(--ast-global-color-5)","background-image":"","background-repeat":"repeat","background-position":"center center","background-size":"auto","background-attachment":"scroll","background-type":"","background-media":"","overlay-type":"","overlay-color":"","overlay-opacity":"","overlay-gradient":""},"mobile":{"background-color":"var(--ast-global-color-5)","background-image":"","background-repeat":"repeat","background-position":"center center","background-size":"auto","background-attachment":"scroll","background-type":"","background-media":"","overlay-type":"","overlay-color":"","overlay-opacity":"","overlay-gradient":""}},"footnotes":""},"class_list":["post-352","page","type-page","status-publish","hentry"],"uagb_featured_image_src":{"full":false,"thumbnail":false,"medium":false,"medium_large":false,"large":false,"1536x1536":false,"2048x2048":false,"trp-custom-language-flag":false},"uagb_author_info":{"display_name":"dumpadmingral","author_link":"http:\/\/dumpingexperts.com\/en\/author\/dumpadmingral\/"},"uagb_comment_info":0,"uagb_excerpt":"En esta secci\u00f3n encontraras los an\u00e1lisis detallados de distintos sectores econ\u00f3micos, elaborados desde la perspectiva de las investigaciones antidumping en [&hellip;]","_links":{"self":[{"href":"http:\/\/dumpingexperts.com\/en\/wp-json\/wp\/v2\/pages\/352","targetHints":{"allow":["GET"]}}],"collection":[{"href":"http:\/\/dumpingexperts.com\/en\/wp-json\/wp\/v2\/pages"}],"about":[{"href":"http:\/\/dumpingexperts.com\/en\/wp-json\/wp\/v2\/types\/page"}],"author":[{"embeddable":true,"href":"http:\/\/dumpingexperts.com\/en\/wp-json\/wp\/v2\/users\/1"}],"replies":[{"embeddable":true,"href":"http:\/\/dumpingexperts.com\/en\/wp-json\/wp\/v2\/comments?post=352"}],"version-history":[{"count":1,"href":"http:\/\/dumpingexperts.com\/en\/wp-json\/wp\/v2\/pages\/352\/revisions"}],"predecessor-version":[{"id":987,"href":"http:\/\/dumpingexperts.com\/en\/wp-json\/wp\/v2\/pages\/352\/revisions\/987"}],"wp:attachment":[{"href":"http:\/\/dumpingexperts.com\/en\/wp-json\/wp\/v2\/media?parent=352"}],"curies":[{"name":"wp","href":"https:\/\/api.w.org\/{rel}","templated":true}]}}